{"id":753,"date":"2021-04-05T23:48:23","date_gmt":"2021-04-06T04:48:23","guid":{"rendered":"https:\/\/www.cyrusequipment.com\/unternehmen\/wie-wir-denken\/"},"modified":"2021-04-05T23:50:25","modified_gmt":"2021-04-06T04:50:25","slug":"wie-wir-denken","status":"publish","type":"page","link":"https:\/\/www.cyrusequipment.com\/de\/unternehmen\/wie-wir-denken\/","title":{"rendered":"Wie wir denken"},"content":{"rendered":"\n<p><strong>Wie denken wir?<\/strong>\r\nSchon wenn Sie diese Zeilen lesen, laufen bereits eine Vielzahl von Denkvorg\u00e4ngen in Ihnen ab. Das Bild oben hat bereits Ihr Denken besch\u00e4ftigt. Wir denken permanent. Damit hat die Art, wie wir denken, auch sehr viel mit unserer Qualit\u00e4t zu tun. Hier erfahren Sie mehr \u00fcber uns.<\/p>\n\n\n\n<ol class=\"wp-block-list\"><li><strong>VERANTWORTUNG ERZEUGT ZUVERL\u00c4SSIGKEIT \u2013\u00a0<\/strong>Bei CYRUS \u00fcbernimmt jeder Verantwortung f\u00fcr die Bed\u00fcrfnisse unserer Partner. Flache Hierarchien und kurze Kommunikationswege zeichnen unser Handeln aus.<\/li><li><strong>PRAXISDENKEN GENERIERT WERTSCH\u00d6PFUNG\u00a0\u2013\u00a0<\/strong>Die Einsatzgebiete der Schwingtechnik sind schier unbegrenzt vielf\u00e4ltig. Deshalb steht bei CYRUS immer der kundenorientierte Praxisnutzen im Vordergrund, weshalb wir durch unsere Beitr\u00e4ge zus\u00e4tzlichen Mehrwert generieren.<\/li><li><strong>DIALOGST\u00c4RKE SCHAFFT VERST\u00c4NDNIS\u00a0\u2013\u00a0<\/strong>Wir setzen uns auf den Stuhl unserer Kunden und schaffen es so, eine breitere, gewinnbringende Perspektive einzunehmen, die uns bei der Probleml\u00f6sung einen entscheidenden Vorteil verschafft.<\/li><li><strong>TEAMPLAY GESTALTET BESTLEISTUNG \u2013\u00a0<\/strong>CYRUS setzt auf die Vielfalt an unterschiedlichen Kompetenzen unserer Mitarbeiter. Als Team erarbeiten wir optimale L\u00f6sungen, von denen Sie profitieren.<\/li><li><strong>ERFAHRUNG SCHAFFT VERTRAUEN \u2013\u00a0<\/strong>Kunden durch Erfahrungswerte zu beraten, welche sich in der Praxis wieder finden, sehen wir als Grundvoraussetzung im Umgang miteinander an. Wir werden unseren Kunden nichts versprechen, was wir nicht halten k\u00f6nnen und halten das, was wir versprechen.<\/li><li><strong>F\u00dcHREN GARANTIERT EFFEKTIVIT\u00c4T<\/strong>\u00a0<strong>\u2013<\/strong>\u00a0Sie nehmen uns an die Hand und wir Sie. Die perfekte Mischung aus Zug und Druck erzeugt Stabilit\u00e4t in vielen Bereichen einer komplexen Projektumsetzung. Wir wissen dies zu verstehen und umzusetzen.<\/li><\/ol>\n\n\n\n<p><\/p>\n","protected":false},"excerpt":{"rendered":"<p>Wie denken wir? Schon wenn Sie diese Zeilen lesen, laufen bereits eine Vielzahl von Denkvorg\u00e4ngen in Ihnen ab. Das Bild oben hat bereits Ihr Denken besch\u00e4ftigt. Wir denken permanent. Damit hat die Art, wie wir denken, auch sehr viel mit unserer Qualit\u00e4t zu tun. Hier erfahren Sie mehr \u00fcber uns. VERANTWORTUNG ERZEUGT ZUVERL\u00c4SSIGKEIT \u2013\u00a0Bei CYRUS &#8230; <a title=\"Wie wir denken\" class=\"read-more\" href=\"https:\/\/www.cyrusequipment.com\/de\/unternehmen\/wie-wir-denken\/\" aria-label=\"Read more about Wie wir denken\">Weiterlesen &#8230;<\/a><\/p>\n","protected":false},"author":2,"featured_media":180,"parent":751,"menu_order":0,"comment_status":"closed","ping_status":"closed","template":"","meta":{"_acf_changed":false,"footnotes":""},"class_list":["post-753","page","type-page","status-publish","has-post-thumbnail"],"acf":[],"_links":{"self":[{"href":"https:\/\/www.cyrusequipment.com\/de\/wp-json\/wp\/v2\/pages\/753","targetHints":{"allow":["GET"]}}],"collection":[{"href":"https:\/\/www.cyrusequipment.com\/de\/wp-json\/wp\/v2\/pages"}],"about":[{"href":"https:\/\/www.cyrusequipment.com\/de\/wp-json\/wp\/v2\/types\/page"}],"author":[{"embeddable":true,"href":"https:\/\/www.cyrusequipment.com\/de\/wp-json\/wp\/v2\/users\/2"}],"replies":[{"embeddable":true,"href":"https:\/\/www.cyrusequipment.com\/de\/wp-json\/wp\/v2\/comments?post=753"}],"version-history":[{"count":0,"href":"https:\/\/www.cyrusequipment.com\/de\/wp-json\/wp\/v2\/pages\/753\/revisions"}],"up":[{"embeddable":true,"href":"https:\/\/www.cyrusequipment.com\/de\/wp-json\/wp\/v2\/pages\/751"}],"wp:featuredmedia":[{"embeddable":true,"href":"https:\/\/www.cyrusequipment.com\/de\/wp-json\/wp\/v2\/media\/180"}],"wp:attachment":[{"href":"https:\/\/www.cyrusequipment.com\/de\/wp-json\/wp\/v2\/media?parent=753"}],"curies":[{"name":"wp","href":"https:\/\/api.w.org\/{rel}","templated":true}]}}