{"id":728,"date":"2021-04-05T02:45:58","date_gmt":"2021-04-05T07:45:58","guid":{"rendered":"https:\/\/www.cyrusequipment.com\/prozesse\/klassieren\/"},"modified":"2022-10-26T09:12:29","modified_gmt":"2022-10-26T14:12:29","slug":"klassieren","status":"publish","type":"page","link":"https:\/\/www.cyrusequipment.com\/de\/prozesse\/klassieren\/","title":{"rendered":"Klassieren"},"content":{"rendered":"\n<p>Insbesondere im Bergbau, in der Steine-Erden-, Futtermittel- und Recyclingindustrie kommt es im Rahmen verschiedener siebtechnischer Anwendungen auf die richtige Klassierung des Aufgabematerials an. Die Klassierung erm\u00f6glicht eine vom Kunden zu definierende sorten- und qualit\u00e4tsreine Separierung. CYRUS-Schwingsiebmaschinen klassieren z.B. Pellets, Futtermittel, Kaffee, Sand, Schredderleichtfraktionen u.v.m. Dies wird erreicht durch Verwendung unterschiedlicher Antriebssysteme wie z.B. Kreisschwingmaschinen und Linearschwingsiebmaschinen. Je nach Aufgabenstellung kommen verschiedene Siebbel\u00e4ge (z.B. Federstahl\u00addraht-Siebgewebe, Lochbleche, Spannwellensiebbel\u00e4ge) zum Einsatz. Eine variable Anpassung des Wurfwinkels und der Schwingfrequenz optimiert dar\u00fcber hinaus den Prozess des Klassierens.<\/p>\n\n\n\n<p>Eine Auswahl unserer Produkte, die f\u00fcr den Prozess&nbsp;Klassieren genutzt werden k\u00f6nnen, finden Sie unten. Einen \u00dcberblick \u00fcber die gesamte CYRUS Produktpalette finden Sie&nbsp;<a title=\"Produkte\" href=\"https:\/\/www.cyrusequipment.com\/de\/produkte.html\">hier<\/a>.<\/p>\n\n\n \n<hr>\n<div id=\"content-grid-block_605d49d532d0e\" class=\"content-grid\">\n\t<div class=\"grid\">\n\t\t<div class=\"item\">\n\t\t\t<div class=\"image\">\n\t\t\t\t<a href=\"https:\/\/www.cyrusequipment.com\/de\/produkt\/trennrinne\/\" title=\"Trennrinne\">\n\t\t\t\t\t<img decoding=\"async\" src=\"https:\/\/media.cyrusequipment.com\/wp-content\/uploads\/2021\/06\/Test-5-480x315.png\" width=\"480\" height=\"315\" alt=\"Trennrinne\">\n\t\t\t\t<\/a>\n\t\t\t<\/div>\n\t\t\t<div class=\"text\">\n\t\t\t\t\t<span class=\"title\">Trennrinne<\/span>\n\t\t\t\t\t<span class=\"link\"><a href=\"https:\/\/www.cyrusequipment.com\/de\/produkt\/trennrinne\/\">Details<\/a><\/span>\n\t\t\t<\/div>\n\t\t<\/div>\n\n\t\t<div class=\"item\">\n\t\t\t<div class=\"image\">\n\t\t\t\t<a href=\"https:\/\/www.cyrusequipment.com\/de\/produkt\/ausschlagrost\/\" title=\"Ausschlagrost\">\n\t\t\t\t\t<img decoding=\"async\" src=\"https:\/\/media.cyrusequipment.com\/wp-content\/uploads\/2021\/03\/Update-Shakeout-Deck-480x315.jpg\" width=\"480\" height=\"315\" alt=\"Ausschlagrost\">\n\t\t\t\t<\/a>\n\t\t\t<\/div>\n\t\t\t<div class=\"text\">\n\t\t\t\t\t<span class=\"title\">Ausschlagrost<\/span>\n\t\t\t\t\t<span class=\"link\"><a href=\"https:\/\/www.cyrusequipment.com\/de\/produkt\/ausschlagrost\/\">Details<\/a><\/span>\n\t\t\t<\/div>\n\t\t<\/div>\n\n\t\t<div class=\"item\">\n\t\t\t<div class=\"image\">\n\t\t\t\t<a href=\"https:\/\/www.cyrusequipment.com\/de\/produkt\/vibrations-knollenbrecher\/\" title=\"Vibrations-Knollenbrecher\">\n\t\t\t\t\t<img decoding=\"async\" src=\"https:\/\/media.cyrusequipment.com\/wp-content\/uploads\/2021\/03\/update_0005_07_Vibrations-Knollenbreche-480x315.jpg\" width=\"480\" height=\"315\" alt=\"Vibrations-Knollenbrecher\">\n\t\t\t\t<\/a>\n\t\t\t<\/div>\n\t\t\t<div class=\"text\">\n\t\t\t\t\t<span class=\"title\">Vibrations-Knollenbrecher<\/span>\n\t\t\t\t\t<span class=\"link\"><a href=\"https:\/\/www.cyrusequipment.com\/de\/produkt\/vibrations-knollenbrecher\/\">Details<\/a><\/span>\n\t\t\t<\/div>\n\t\t<\/div>\n\n\t\t<div class=\"item\">\n\t\t\t<div class=\"image\">\n\t\t\t\t<a href=\"https:\/\/www.cyrusequipment.com\/de\/produkt\/kreisschwingsieb\/\" title=\"Kreisschwingsieb\">\n\t\t\t\t\t<img decoding=\"async\" src=\"https:\/\/media.cyrusequipment.com\/wp-content\/uploads\/2021\/03\/update_0004_13_Kreisschwingsieb-480x315.jpg\" width=\"480\" height=\"315\" alt=\"Kreisschwingsieb\">\n\t\t\t\t<\/a>\n\t\t\t<\/div>\n\t\t\t<div class=\"text\">\n\t\t\t\t\t<span class=\"title\">Kreisschwingsieb<\/span>\n\t\t\t\t\t<span class=\"link\"><a href=\"https:\/\/www.cyrusequipment.com\/de\/produkt\/kreisschwingsieb\/\">Details<\/a><\/span>\n\t\t\t<\/div>\n\t\t<\/div>\n\n\t\t<div class=\"item\">\n\t\t\t<div class=\"image\">\n\t\t\t\t<a href=\"https:\/\/www.cyrusequipment.com\/de\/produkt\/linearschwingsieb\/\" title=\"Linearschwingsieb\">\n\t\t\t\t\t<img decoding=\"async\" src=\"https:\/\/media.cyrusequipment.com\/wp-content\/uploads\/2021\/03\/update_0003_14_Linearschwingsieb-480x315.jpg\" width=\"480\" height=\"315\" alt=\"Linearschwingsieb\">\n\t\t\t\t<\/a>\n\t\t\t<\/div>\n\t\t\t<div class=\"text\">\n\t\t\t\t\t<span class=\"title\">Linearschwingsieb<\/span>\n\t\t\t\t\t<span class=\"link\"><a href=\"https:\/\/www.cyrusequipment.com\/de\/produkt\/linearschwingsieb\/\">Details<\/a><\/span>\n\t\t\t<\/div>\n\t\t<\/div>\n\n\t<\/div>\n<\/div>","protected":false},"excerpt":{"rendered":"<p>Insbesondere im Bergbau, in der Steine-Erden-, Futtermittel- und Recyclingindustrie kommt es im Rahmen verschiedener siebtechnischer Anwendungen auf die richtige Klassierung des Aufgabematerials an. Die Klassierung erm\u00f6glicht eine vom Kunden zu definierende sorten- und qualit\u00e4tsreine Separierung. CYRUS-Schwingsiebmaschinen klassieren z.B. Pellets, Futtermittel, Kaffee, Sand, Schredderleichtfraktionen u.v.m. Dies wird erreicht durch Verwendung unterschiedlicher Antriebssysteme wie z.B. Kreisschwingmaschinen und &#8230; <a title=\"Klassieren\" class=\"read-more\" href=\"https:\/\/www.cyrusequipment.com\/de\/prozesse\/klassieren\/\" aria-label=\"Read more about Klassieren\">Weiterlesen &#8230;<\/a><\/p>\n","protected":false},"author":2,"featured_media":1048,"parent":716,"menu_order":0,"comment_status":"closed","ping_status":"closed","template":"","meta":{"_acf_changed":false,"footnotes":""},"class_list":["post-728","page","type-page","status-publish","has-post-thumbnail"],"acf":[],"_links":{"self":[{"href":"https:\/\/www.cyrusequipment.com\/de\/wp-json\/wp\/v2\/pages\/728","targetHints":{"allow":["GET"]}}],"collection":[{"href":"https:\/\/www.cyrusequipment.com\/de\/wp-json\/wp\/v2\/pages"}],"about":[{"href":"https:\/\/www.cyrusequipment.com\/de\/wp-json\/wp\/v2\/types\/page"}],"author":[{"embeddable":true,"href":"https:\/\/www.cyrusequipment.com\/de\/wp-json\/wp\/v2\/users\/2"}],"replies":[{"embeddable":true,"href":"https:\/\/www.cyrusequipment.com\/de\/wp-json\/wp\/v2\/comments?post=728"}],"version-history":[{"count":0,"href":"https:\/\/www.cyrusequipment.com\/de\/wp-json\/wp\/v2\/pages\/728\/revisions"}],"up":[{"embeddable":true,"href":"https:\/\/www.cyrusequipment.com\/de\/wp-json\/wp\/v2\/pages\/716"}],"wp:featuredmedia":[{"embeddable":true,"href":"https:\/\/www.cyrusequipment.com\/de\/wp-json\/wp\/v2\/media\/1048"}],"wp:attachment":[{"href":"https:\/\/www.cyrusequipment.com\/de\/wp-json\/wp\/v2\/media?parent=728"}],"curies":[{"name":"wp","href":"https:\/\/api.w.org\/{rel}","templated":true}]}}