{"id":720,"date":"2021-04-04T23:13:26","date_gmt":"2021-04-05T04:13:26","guid":{"rendered":"https:\/\/www.cyrusequipment.com\/prozesse\/kuehlen\/"},"modified":"2022-10-26T09:03:00","modified_gmt":"2022-10-26T14:03:00","slug":"kuehlen","status":"publish","type":"page","link":"https:\/\/www.cyrusequipment.com\/de\/prozesse\/kuehlen\/","title":{"rendered":"K\u00fchlen"},"content":{"rendered":"\n<p>Der Gussk\u00fchler erlaubt die kontrollierte Temperaturreduktion der Gussteile. Dies ist vor allen Dingen dann wichtig, wenn es auf den produktschonenden Transport von Gussteilen z.B. in der Gie\u00dferei oder weiteren Industrien ankommt. Speziell ausgelegte Resonanzf\u00f6rderrinnen von CYRUS erm\u00f6glichen die produktschonende K\u00fchlung der unterschiedlichen Sch\u00fcttg\u00fcter.<\/p>\n\n\n\n<p>Zur K\u00fchlung unterschiedlicher Produkte ist ebenso der von CYRUS entwickelte Schwing-Flie\u00dfbettk\u00fchler geeignet.<\/p>\n\n\n\n<p>Eine Auswahl unserer Produkte, die f\u00fcr den Prozess&nbsp;K\u00fchlen genutzt werden k\u00f6nnen, finden Sie unten. Einen \u00dcberblick \u00fcber die gesamte CYRUS Produktpalette finden Sie&nbsp;<a title=\"Produkte\" href=\"https:\/\/www.cyrusequipment.com\/de\/produkte.html\">hier<\/a>.<\/p>\n\n\n \n<hr>\n<div id=\"content-grid-block_605d44fc48375\" class=\"content-grid\">\n\t<div class=\"grid\">\n\t\t<div class=\"item\">\n\t\t\t<div class=\"image\">\n\t\t\t\t<a href=\"https:\/\/www.cyrusequipment.com\/de\/produkt\/schwingfoerderer-mit-unwuchtantrieb\/\" title=\"Schwingf\u00f6rderer mit Unwuchtantrieb\">\n\t\t\t\t\t<img decoding=\"async\" src=\"https:\/\/media.cyrusequipment.com\/wp-content\/uploads\/2024\/12\/Cyrus-Feeder-Y00121-01-G01-edited-1-e1733757993935-480x315.png\" width=\"480\" height=\"315\" alt=\"Schwingf\u00f6rderer mit Unwuchtantrieb\">\n\t\t\t\t<\/a>\n\t\t\t<\/div>\n\t\t\t<div class=\"text\">\n\t\t\t\t\t<span class=\"title\">Schwingf\u00f6rderer mit Unwuchtantrieb<\/span>\n\t\t\t\t\t<span class=\"link\"><a href=\"https:\/\/www.cyrusequipment.com\/de\/produkt\/schwingfoerderer-mit-unwuchtantrieb\/\">Details<\/a><\/span>\n\t\t\t<\/div>\n\t\t<\/div>\n\n\t\t<div class=\"item\">\n\t\t\t<div class=\"image\">\n\t\t\t\t<a href=\"https:\/\/www.cyrusequipment.com\/de\/produkt\/schwingfoerderer-mit-schubkurbelantrieb\/\" title=\"Schwingf\u00f6rderer mit Schubkurbelantrieb\">\n\t\t\t\t\t<img decoding=\"async\" src=\"https:\/\/media.cyrusequipment.com\/wp-content\/uploads\/2021\/06\/Conveyor-test-Cyrus-480x315.png\" width=\"480\" height=\"315\" alt=\"Schwingf\u00f6rderer mit Schubkurbelantrieb\">\n\t\t\t\t<\/a>\n\t\t\t<\/div>\n\t\t\t<div class=\"text\">\n\t\t\t\t\t<span class=\"title\">Schwingf\u00f6rderer mit Schubkurbelantrieb<\/span>\n\t\t\t\t\t<span class=\"link\"><a href=\"https:\/\/www.cyrusequipment.com\/de\/produkt\/schwingfoerderer-mit-schubkurbelantrieb\/\">Details<\/a><\/span>\n\t\t\t<\/div>\n\t\t<\/div>\n\n\t\t<div class=\"item\">\n\t\t\t<div class=\"image\">\n\t\t\t\t<a href=\"https:\/\/www.cyrusequipment.com\/de\/produkt\/gusskuehler\/\" title=\"Gu\u00dfk\u00fchler\">\n\t\t\t\t\t<img decoding=\"async\" src=\"https:\/\/media.cyrusequipment.com\/wp-content\/uploads\/2021\/03\/update_0012_08_Gusskuehler-480x315.jpg\" width=\"480\" height=\"315\" alt=\"Gu\u00dfk\u00fchler\">\n\t\t\t\t<\/a>\n\t\t\t<\/div>\n\t\t\t<div class=\"text\">\n\t\t\t\t\t<span class=\"title\">Gu\u00dfk\u00fchler<\/span>\n\t\t\t\t\t<span class=\"link\"><a href=\"https:\/\/www.cyrusequipment.com\/de\/produkt\/gusskuehler\/\">Details<\/a><\/span>\n\t\t\t<\/div>\n\t\t<\/div>\n\n\t\t<div class=\"item\">\n\t\t\t<div class=\"image\">\n\t\t\t\t<a href=\"https:\/\/www.cyrusequipment.com\/de\/produkt\/scharnierplattenband\/\" title=\"Scharnierplattenband\">\n\t\t\t\t\t<img decoding=\"async\" src=\"https:\/\/media.cyrusequipment.com\/wp-content\/uploads\/2021\/03\/update_0018_17_Scharnierplattenband-480x315.jpg\" width=\"480\" height=\"315\" alt=\"Scharnierplattenband\">\n\t\t\t\t<\/a>\n\t\t\t<\/div>\n\t\t\t<div class=\"text\">\n\t\t\t\t\t<span class=\"title\">Scharnierplattenband<\/span>\n\t\t\t\t\t<span class=\"link\"><a href=\"https:\/\/www.cyrusequipment.com\/de\/produkt\/scharnierplattenband\/\">Details<\/a><\/span>\n\t\t\t<\/div>\n\t\t<\/div>\n\n\t<\/div>\n<\/div>","protected":false},"excerpt":{"rendered":"<p>Der Gussk\u00fchler erlaubt die kontrollierte Temperaturreduktion der Gussteile. Dies ist vor allen Dingen dann wichtig, wenn es auf den produktschonenden Transport von Gussteilen z.B. in der Gie\u00dferei oder weiteren Industrien ankommt. Speziell ausgelegte Resonanzf\u00f6rderrinnen von CYRUS erm\u00f6glichen die produktschonende K\u00fchlung der unterschiedlichen Sch\u00fcttg\u00fcter. Zur K\u00fchlung unterschiedlicher Produkte ist ebenso der von CYRUS entwickelte Schwing-Flie\u00dfbettk\u00fchler geeignet. &#8230; <a title=\"K\u00fchlen\" class=\"read-more\" href=\"https:\/\/www.cyrusequipment.com\/de\/prozesse\/kuehlen\/\" aria-label=\"Read more about K\u00fchlen\">Weiterlesen &#8230;<\/a><\/p>\n","protected":false},"author":2,"featured_media":1050,"parent":716,"menu_order":0,"comment_status":"closed","ping_status":"closed","template":"","meta":{"_acf_changed":false,"footnotes":""},"class_list":["post-720","page","type-page","status-publish","has-post-thumbnail"],"acf":[],"_links":{"self":[{"href":"https:\/\/www.cyrusequipment.com\/de\/wp-json\/wp\/v2\/pages\/720","targetHints":{"allow":["GET"]}}],"collection":[{"href":"https:\/\/www.cyrusequipment.com\/de\/wp-json\/wp\/v2\/pages"}],"about":[{"href":"https:\/\/www.cyrusequipment.com\/de\/wp-json\/wp\/v2\/types\/page"}],"author":[{"embeddable":true,"href":"https:\/\/www.cyrusequipment.com\/de\/wp-json\/wp\/v2\/users\/2"}],"replies":[{"embeddable":true,"href":"https:\/\/www.cyrusequipment.com\/de\/wp-json\/wp\/v2\/comments?post=720"}],"version-history":[{"count":0,"href":"https:\/\/www.cyrusequipment.com\/de\/wp-json\/wp\/v2\/pages\/720\/revisions"}],"up":[{"embeddable":true,"href":"https:\/\/www.cyrusequipment.com\/de\/wp-json\/wp\/v2\/pages\/716"}],"wp:featuredmedia":[{"embeddable":true,"href":"https:\/\/www.cyrusequipment.com\/de\/wp-json\/wp\/v2\/media\/1050"}],"wp:attachment":[{"href":"https:\/\/www.cyrusequipment.com\/de\/wp-json\/wp\/v2\/media?parent=720"}],"curies":[{"name":"wp","href":"https:\/\/api.w.org\/{rel}","templated":true}]}}