{"id":713,"date":"2021-04-04T21:55:34","date_gmt":"2021-04-05T02:55:34","guid":{"rendered":"https:\/\/www.cyrusequipment.com\/beschicken\/"},"modified":"2025-09-08T13:22:32","modified_gmt":"2025-09-08T18:22:32","slug":"beschicken","status":"publish","type":"page","link":"https:\/\/www.cyrusequipment.com\/de\/prozesse\/beschicken\/","title":{"rendered":"Beschicken"},"content":{"rendered":"\n<p>Mit den CYRUS-Schwingrinnen ist eine dosierte F\u00f6rderung oder Bef\u00fcllung in zahlreichen Einsatzgebieten m\u00f6glich. Unsere Magnetf\u00f6rderrinnen (SRM) bedienen \u00fcber Thyristorsteuerungen dosiert nachgeschaltete Anlagen. Schwingf\u00f6rderrinnen werden u.a. mittels Unwucht\u00admotoren (SRU) angetrieben und sorgen f\u00fcr die kontinuierliche Beschickung nachfolgender Produktionsprozesse. In vielen Gie\u00dfereien dieser Welt findet man z.B. unsere kompakten, automatisierten Chargiermaschinen (FC). Sie nehmen Metalle und Zuschlagstoffe in allen m\u00f6glichen Formen auf und f\u00fchren diese den Schmelz\u00f6fen dosiert zu. Die Beladung kann dabei auf Wunsch kontrolliert \u00fcber W\u00e4gesysteme erfolgen. Durch Sandwichbauweise sind die Bunkerw\u00e4nde der Chargiermaschinen weitgehend schallged\u00e4mpft und die definierten Positionen des Be- und Entladens k\u00f6nnen, wenn gew\u00fcnscht, vollautomatisch angefahren werden.<\/p>\n\n\n\n<p>Eine Auswahl unserer Produkte, die f\u00fcr den Prozess&nbsp;Beschicken genutzt werden k\u00f6nnen, finden Sie unten. Einen \u00dcberblick \u00fcber die gesamte CYRUS Produktpalette finden Sie&nbsp;<a title=\"Produkte\" href=\"https:\/\/www.cyrusequipment.com\/de\/produkte.html\">hier<\/a>.<\/p>\n\n\n \n<hr>\n<div id=\"content-grid-block_54fe1b208ebc6a44bae89c885e3d43ee\" class=\"content-grid\">\n\t<div class=\"grid\">\n\t\t<div class=\"item\">\n\t\t\t<div class=\"image\">\n\t\t\t\t<a href=\"https:\/\/www.cyrusequipment.com\/de\/prozesse\/beschicken\/\" title=\"Beschicken\">\n\t\t\t\t\t<img decoding=\"async\" src=\"https:\/\/media.cyrusequipment.com\/wp-content\/uploads\/2021\/03\/update_0015_04_Fahrbare-Chargiermaschine-480x315.jpg\" width=\"480\" height=\"315\" alt=\"Beschicken\">\n\t\t\t\t<\/a>\n\t\t\t<\/div>\n\t\t\t<div class=\"text\">\n\t\t\t\t\t<span class=\"title\">Beschicken<\/span>\n\t\t\t\t\t<span class=\"link\"><a href=\"https:\/\/www.cyrusequipment.com\/de\/prozesse\/beschicken\/\">Details<\/a><\/span>\n\t\t\t<\/div>\n\t\t<\/div>\n\n\t\t<div class=\"item\">\n\t\t\t<div class=\"image\">\n\t\t\t\t<a href=\"https:\/\/www.cyrusequipment.com\/de\/produkt\/schwingfoerderer-mit-unwuchtantrieb\/\" title=\"Schwingf\u00f6rderer mit Unwuchtantrieb\">\n\t\t\t\t\t<img decoding=\"async\" src=\"https:\/\/media.cyrusequipment.com\/wp-content\/uploads\/2024\/12\/Cyrus-Feeder-Y00121-01-G01-edited-1-e1733757993935-480x315.png\" width=\"480\" height=\"315\" alt=\"Schwingf\u00f6rderer mit Unwuchtantrieb\">\n\t\t\t\t<\/a>\n\t\t\t<\/div>\n\t\t\t<div class=\"text\">\n\t\t\t\t\t<span class=\"title\">Schwingf\u00f6rderer mit Unwuchtantrieb<\/span>\n\t\t\t\t\t<span class=\"link\"><a href=\"https:\/\/www.cyrusequipment.com\/de\/produkt\/schwingfoerderer-mit-unwuchtantrieb\/\">Details<\/a><\/span>\n\t\t\t<\/div>\n\t\t<\/div>\n\n\t\t<div class=\"item\">\n\t\t\t<div class=\"image\">\n\t\t\t\t<a href=\"https:\/\/www.cyrusequipment.com\/de\/produkt\/schwingfoerderer-mit-magnetantrieb\/\" title=\"Schwingf\u00f6rderer mit Magnetantrieb\">\n\t\t\t\t\t<img decoding=\"async\" src=\"https:\/\/media.cyrusequipment.com\/wp-content\/uploads\/2021\/03\/update_0008_02_Schwingfoerderer-Magnetantrieb-480x315.jpg\" width=\"480\" height=\"315\" alt=\"Schwingf\u00f6rderer mit Magnetantrieb\">\n\t\t\t\t<\/a>\n\t\t\t<\/div>\n\t\t\t<div class=\"text\">\n\t\t\t\t\t<span class=\"title\">Schwingf\u00f6rderer mit Magnetantrieb<\/span>\n\t\t\t\t\t<span class=\"link\"><a href=\"https:\/\/www.cyrusequipment.com\/de\/produkt\/schwingfoerderer-mit-magnetantrieb\/\">Details<\/a><\/span>\n\t\t\t<\/div>\n\t\t<\/div>\n\n\t\t<div class=\"item\">\n\t\t\t<div class=\"image\">\n\t\t\t\t<a href=\"https:\/\/www.cyrusequipment.com\/de\/produkt\/schwingfoerderer-mit-schubkurbelantrieb\/\" title=\"Schwingf\u00f6rderer mit Schubkurbelantrieb\">\n\t\t\t\t\t<img decoding=\"async\" src=\"https:\/\/media.cyrusequipment.com\/wp-content\/uploads\/2021\/06\/Conveyor-test-Cyrus-480x315.png\" width=\"480\" height=\"315\" alt=\"Schwingf\u00f6rderer mit Schubkurbelantrieb\">\n\t\t\t\t<\/a>\n\t\t\t<\/div>\n\t\t\t<div class=\"text\">\n\t\t\t\t\t<span class=\"title\">Schwingf\u00f6rderer mit Schubkurbelantrieb<\/span>\n\t\t\t\t\t<span class=\"link\"><a href=\"https:\/\/www.cyrusequipment.com\/de\/produkt\/schwingfoerderer-mit-schubkurbelantrieb\/\">Details<\/a><\/span>\n\t\t\t<\/div>\n\t\t<\/div>\n\n\t\t<div class=\"item\">\n\t\t\t<div class=\"image\">\n\t\t\t\t<a href=\"https:\/\/www.cyrusequipment.com\/de\/produkt\/brecherentlastungsrinne\/\" title=\"Brecherentlastungsrinne\">\n\t\t\t\t\t<img decoding=\"async\" src=\"https:\/\/media.cyrusequipment.com\/wp-content\/uploads\/2021\/03\/Updated-_crusher-pre-separation-screen-480x315.jpg\" width=\"480\" height=\"315\" alt=\"Brecherentlastungsrinne\">\n\t\t\t\t<\/a>\n\t\t\t<\/div>\n\t\t\t<div class=\"text\">\n\t\t\t\t\t<span class=\"title\">Brecherentlastungsrinne<\/span>\n\t\t\t\t\t<span class=\"link\"><a href=\"https:\/\/www.cyrusequipment.com\/de\/produkt\/brecherentlastungsrinne\/\">Details<\/a><\/span>\n\t\t\t<\/div>\n\t\t<\/div>\n\n\t\t<div class=\"item\">\n\t\t\t<div class=\"image\">\n\t\t\t\t<a href=\"https:\/\/www.cyrusequipment.com\/de\/produkt\/fahrbare-chargiermaschine\/\" title=\"Fahrbare Chargiermaschine\">\n\t\t\t\t\t<img decoding=\"async\" src=\"https:\/\/media.cyrusequipment.com\/wp-content\/uploads\/2021\/03\/update_0015_04_Fahrbare-Chargiermaschine-480x315.jpg\" width=\"480\" height=\"315\" alt=\"Fahrbare Chargiermaschine\">\n\t\t\t\t<\/a>\n\t\t\t<\/div>\n\t\t\t<div class=\"text\">\n\t\t\t\t\t<span class=\"title\">Fahrbare Chargiermaschine<\/span>\n\t\t\t\t\t<span class=\"link\"><a href=\"https:\/\/www.cyrusequipment.com\/de\/produkt\/fahrbare-chargiermaschine\/\">Details<\/a><\/span>\n\t\t\t<\/div>\n\t\t<\/div>\n\n\t\t<div class=\"item\">\n\t\t\t<div class=\"image\">\n\t\t\t\t<a href=\"https:\/\/www.cyrusequipment.com\/de\/produkt\/hydraulisches-hebe-kippgeraet\/\" title=\"Hydraulisches Hebe- \/ Kippger\u00e4t\">\n\t\t\t\t\t<img decoding=\"async\" src=\"https:\/\/media.cyrusequipment.com\/wp-content\/uploads\/2021\/03\/update_0016_hydraulisches_hebe_kippgeraet-480x315.jpg\" width=\"480\" height=\"315\" alt=\"Hydraulisches Hebe- \/ Kippger\u00e4t\">\n\t\t\t\t<\/a>\n\t\t\t<\/div>\n\t\t\t<div class=\"text\">\n\t\t\t\t\t<span class=\"title\">Hydraulisches Hebe- \/ Kippger\u00e4t<\/span>\n\t\t\t\t\t<span class=\"link\"><a href=\"https:\/\/www.cyrusequipment.com\/de\/produkt\/hydraulisches-hebe-kippgeraet\/\">Details<\/a><\/span>\n\t\t\t<\/div>\n\t\t<\/div>\n\n\t\t<div class=\"item\">\n\t\t\t<div class=\"image\">\n\t\t\t\t<a href=\"https:\/\/www.cyrusequipment.com\/de\/produkt\/zuteilautomat\/\" title=\"Zuteilautomat\">\n\t\t\t\t\t<img decoding=\"async\" src=\"https:\/\/media.cyrusequipment.com\/wp-content\/uploads\/2021\/03\/update_0017_16_Zuteilautomat-480x315.jpg\" width=\"480\" height=\"315\" alt=\"Zuteilautomat\">\n\t\t\t\t<\/a>\n\t\t\t<\/div>\n\t\t\t<div class=\"text\">\n\t\t\t\t\t<span class=\"title\">Zuteilautomat<\/span>\n\t\t\t\t\t<span class=\"link\"><a href=\"https:\/\/www.cyrusequipment.com\/de\/produkt\/zuteilautomat\/\">Details<\/a><\/span>\n\t\t\t<\/div>\n\t\t<\/div>\n\n\t\t<div class=\"item\">\n\t\t\t<div class=\"image\">\n\t\t\t\t<a href=\"https:\/\/www.cyrusequipment.com\/de\/produkt\/scharnierplattenband\/\" title=\"Scharnierplattenband\">\n\t\t\t\t\t<img decoding=\"async\" src=\"https:\/\/media.cyrusequipment.com\/wp-content\/uploads\/2021\/03\/update_0018_17_Scharnierplattenband-480x315.jpg\" width=\"480\" height=\"315\" alt=\"Scharnierplattenband\">\n\t\t\t\t<\/a>\n\t\t\t<\/div>\n\t\t\t<div class=\"text\">\n\t\t\t\t\t<span class=\"title\">Scharnierplattenband<\/span>\n\t\t\t\t\t<span class=\"link\"><a href=\"https:\/\/www.cyrusequipment.com\/de\/produkt\/scharnierplattenband\/\">Details<\/a><\/span>\n\t\t\t<\/div>\n\t\t<\/div>\n\n\t<\/div>\n<\/div>\n\n\n<p><\/p>\n","protected":false},"excerpt":{"rendered":"<p>Mit den CYRUS-Schwingrinnen ist eine dosierte F\u00f6rderung oder Bef\u00fcllung in zahlreichen Einsatzgebieten m\u00f6glich. Unsere Magnetf\u00f6rderrinnen (SRM) bedienen \u00fcber Thyristorsteuerungen dosiert nachgeschaltete Anlagen. Schwingf\u00f6rderrinnen werden u.a. mittels Unwucht\u00admotoren (SRU) angetrieben und sorgen f\u00fcr die kontinuierliche Beschickung nachfolgender Produktionsprozesse. In vielen Gie\u00dfereien dieser Welt findet man z.B. unsere kompakten, automatisierten Chargiermaschinen (FC). Sie nehmen Metalle und Zuschlagstoffe &#8230; <a title=\"Beschicken\" class=\"read-more\" href=\"https:\/\/www.cyrusequipment.com\/de\/prozesse\/beschicken\/\" aria-label=\"Read more about Beschicken\">Weiterlesen &#8230;<\/a><\/p>\n","protected":false},"author":2,"featured_media":1044,"parent":716,"menu_order":0,"comment_status":"closed","ping_status":"closed","template":"","meta":{"_acf_changed":false,"footnotes":""},"class_list":["post-713","page","type-page","status-publish","has-post-thumbnail"],"acf":[],"_links":{"self":[{"href":"https:\/\/www.cyrusequipment.com\/de\/wp-json\/wp\/v2\/pages\/713","targetHints":{"allow":["GET"]}}],"collection":[{"href":"https:\/\/www.cyrusequipment.com\/de\/wp-json\/wp\/v2\/pages"}],"about":[{"href":"https:\/\/www.cyrusequipment.com\/de\/wp-json\/wp\/v2\/types\/page"}],"author":[{"embeddable":true,"href":"https:\/\/www.cyrusequipment.com\/de\/wp-json\/wp\/v2\/users\/2"}],"replies":[{"embeddable":true,"href":"https:\/\/www.cyrusequipment.com\/de\/wp-json\/wp\/v2\/comments?post=713"}],"version-history":[{"count":0,"href":"https:\/\/www.cyrusequipment.com\/de\/wp-json\/wp\/v2\/pages\/713\/revisions"}],"up":[{"embeddable":true,"href":"https:\/\/www.cyrusequipment.com\/de\/wp-json\/wp\/v2\/pages\/716"}],"wp:featuredmedia":[{"embeddable":true,"href":"https:\/\/www.cyrusequipment.com\/de\/wp-json\/wp\/v2\/media\/1044"}],"wp:attachment":[{"href":"https:\/\/www.cyrusequipment.com\/de\/wp-json\/wp\/v2\/media?parent=713"}],"curies":[{"name":"wp","href":"https:\/\/api.w.org\/{rel}","templated":true}]}}