{"id":708,"date":"2021-04-04T21:40:18","date_gmt":"2021-04-05T02:40:18","guid":{"rendered":"https:\/\/www.cyrusequipment.com\/branchen\/recycling\/"},"modified":"2022-10-26T08:57:37","modified_gmt":"2022-10-26T13:57:37","slug":"recycling","status":"publish","type":"page","link":"https:\/\/www.cyrusequipment.com\/de\/branchen\/recycling\/","title":{"rendered":"Recycling"},"content":{"rendered":"\n<p>Geht es um den Transport von geschreddertem oder geschnittenem Schrottmaterial, werden unsere Abzugs-Schwingf\u00f6rderrinnen verwendet. Dazu kann der zu trennende Schrott \u00fcber integrierte Schmutzabsiebungen und Magnetabscheidungen gereinigt und von nichtmagnetischem Material separiert werden. Station\u00e4re oder schwenkbare Stahlplattenb\u00e4nder aus unserer Produktpalette helfen dabei, den zerkleinerten Schrott einem Lagerplatz oder bereitgestellten Transportwaggons zuzuf\u00fchren. Wenn es darum geht, Edelmetalle von sonstigen Schrotten zu trennen, kommen unsere Siebmaschinen zum Einsatz. Diese k\u00f6nnen in ihrer Wurfwinkeleinstellung variierbar ausgef\u00fchrt werden, so dass eine optimale Absiebung erzielt wird.<\/p>\n\n\n\n<p>Eine Auswahl unserer Produkte, die vielfach im Bereich&nbsp;Recycling zum Einsatz kommen, finden Sie unten. Einen \u00dcberblick \u00fcber die gesamte CYRUS Produktpalette finden Sie&nbsp;<a title=\"Produkte\" href=\"https:\/\/www.cyrusequipment.com\/de\/produkte.html\">hier<\/a>.<\/p>\n\n\n \n<hr>\n<div id=\"content-grid-block_605d41f5f1930\" class=\"content-grid\">\n\t<div class=\"grid\">\n\t\t<div class=\"item\">\n\t\t\t<div class=\"image\">\n\t\t\t\t<a href=\"https:\/\/www.cyrusequipment.com\/de\/produkt\/schwingfoerderer-mit-unwuchtantrieb\/\" title=\"Schwingf\u00f6rderer mit Unwuchtantrieb\">\n\t\t\t\t\t<img decoding=\"async\" src=\"https:\/\/media.cyrusequipment.com\/wp-content\/uploads\/2024\/12\/Cyrus-Feeder-Y00121-01-G01-edited-1-e1733757993935-480x315.png\" width=\"480\" height=\"315\" alt=\"Schwingf\u00f6rderer mit Unwuchtantrieb\">\n\t\t\t\t<\/a>\n\t\t\t<\/div>\n\t\t\t<div class=\"text\">\n\t\t\t\t\t<span class=\"title\">Schwingf\u00f6rderer mit Unwuchtantrieb<\/span>\n\t\t\t\t\t<span class=\"link\"><a href=\"https:\/\/www.cyrusequipment.com\/de\/produkt\/schwingfoerderer-mit-unwuchtantrieb\/\">Details<\/a><\/span>\n\t\t\t<\/div>\n\t\t<\/div>\n\n\t\t<div class=\"item\">\n\t\t\t<div class=\"image\">\n\t\t\t\t<a href=\"https:\/\/www.cyrusequipment.com\/de\/produkt\/schwingfoerderer-mit-magnetantrieb\/\" title=\"Schwingf\u00f6rderer mit Magnetantrieb\">\n\t\t\t\t\t<img decoding=\"async\" src=\"https:\/\/media.cyrusequipment.com\/wp-content\/uploads\/2021\/03\/update_0008_02_Schwingfoerderer-Magnetantrieb-480x315.jpg\" width=\"480\" height=\"315\" alt=\"Schwingf\u00f6rderer mit Magnetantrieb\">\n\t\t\t\t<\/a>\n\t\t\t<\/div>\n\t\t\t<div class=\"text\">\n\t\t\t\t\t<span class=\"title\">Schwingf\u00f6rderer mit Magnetantrieb<\/span>\n\t\t\t\t\t<span class=\"link\"><a href=\"https:\/\/www.cyrusequipment.com\/de\/produkt\/schwingfoerderer-mit-magnetantrieb\/\">Details<\/a><\/span>\n\t\t\t<\/div>\n\t\t<\/div>\n\n\t\t<div class=\"item\">\n\t\t\t<div class=\"image\">\n\t\t\t\t<a href=\"https:\/\/www.cyrusequipment.com\/de\/produkt\/schwingfoerderer-mit-schubkurbelantrieb\/\" title=\"Schwingf\u00f6rderer mit Schubkurbelantrieb\">\n\t\t\t\t\t<img decoding=\"async\" src=\"https:\/\/media.cyrusequipment.com\/wp-content\/uploads\/2021\/06\/Conveyor-test-Cyrus-480x315.png\" width=\"480\" height=\"315\" alt=\"Schwingf\u00f6rderer mit Schubkurbelantrieb\">\n\t\t\t\t<\/a>\n\t\t\t<\/div>\n\t\t\t<div class=\"text\">\n\t\t\t\t\t<span class=\"title\">Schwingf\u00f6rderer mit Schubkurbelantrieb<\/span>\n\t\t\t\t\t<span class=\"link\"><a href=\"https:\/\/www.cyrusequipment.com\/de\/produkt\/schwingfoerderer-mit-schubkurbelantrieb\/\">Details<\/a><\/span>\n\t\t\t<\/div>\n\t\t<\/div>\n\n\t\t<div class=\"item\">\n\t\t\t<div class=\"image\">\n\t\t\t\t<a href=\"https:\/\/www.cyrusequipment.com\/de\/produkt\/kreisschwingsieb\/\" title=\"Kreisschwingsieb\">\n\t\t\t\t\t<img decoding=\"async\" src=\"https:\/\/media.cyrusequipment.com\/wp-content\/uploads\/2021\/03\/update_0004_13_Kreisschwingsieb-480x315.jpg\" width=\"480\" height=\"315\" alt=\"Kreisschwingsieb\">\n\t\t\t\t<\/a>\n\t\t\t<\/div>\n\t\t\t<div class=\"text\">\n\t\t\t\t\t<span class=\"title\">Kreisschwingsieb<\/span>\n\t\t\t\t\t<span class=\"link\"><a href=\"https:\/\/www.cyrusequipment.com\/de\/produkt\/kreisschwingsieb\/\">Details<\/a><\/span>\n\t\t\t<\/div>\n\t\t<\/div>\n\n\t\t<div class=\"item\">\n\t\t\t<div class=\"image\">\n\t\t\t\t<a href=\"https:\/\/www.cyrusequipment.com\/de\/produkt\/linearschwingsieb\/\" title=\"Linearschwingsieb\">\n\t\t\t\t\t<img decoding=\"async\" src=\"https:\/\/media.cyrusequipment.com\/wp-content\/uploads\/2021\/03\/update_0003_14_Linearschwingsieb-480x315.jpg\" width=\"480\" height=\"315\" alt=\"Linearschwingsieb\">\n\t\t\t\t<\/a>\n\t\t\t<\/div>\n\t\t\t<div class=\"text\">\n\t\t\t\t\t<span class=\"title\">Linearschwingsieb<\/span>\n\t\t\t\t\t<span class=\"link\"><a href=\"https:\/\/www.cyrusequipment.com\/de\/produkt\/linearschwingsieb\/\">Details<\/a><\/span>\n\t\t\t<\/div>\n\t\t<\/div>\n\n\t\t<div class=\"item\">\n\t\t\t<div class=\"image\">\n\t\t\t\t<a href=\"https:\/\/www.cyrusequipment.com\/de\/produkt\/hydraulisches-hebe-kippgeraet\/\" title=\"Hydraulisches Hebe- \/ Kippger\u00e4t\">\n\t\t\t\t\t<img decoding=\"async\" src=\"https:\/\/media.cyrusequipment.com\/wp-content\/uploads\/2021\/03\/update_0016_hydraulisches_hebe_kippgeraet-480x315.jpg\" width=\"480\" height=\"315\" alt=\"Hydraulisches Hebe- \/ Kippger\u00e4t\">\n\t\t\t\t<\/a>\n\t\t\t<\/div>\n\t\t\t<div class=\"text\">\n\t\t\t\t\t<span class=\"title\">Hydraulisches Hebe- \/ Kippger\u00e4t<\/span>\n\t\t\t\t\t<span class=\"link\"><a href=\"https:\/\/www.cyrusequipment.com\/de\/produkt\/hydraulisches-hebe-kippgeraet\/\">Details<\/a><\/span>\n\t\t\t<\/div>\n\t\t<\/div>\n\n\t\t<div class=\"item\">\n\t\t\t<div class=\"image\">\n\t\t\t\t<a href=\"https:\/\/www.cyrusequipment.com\/de\/produkt\/scharnierplattenband\/\" title=\"Scharnierplattenband\">\n\t\t\t\t\t<img decoding=\"async\" src=\"https:\/\/media.cyrusequipment.com\/wp-content\/uploads\/2021\/03\/update_0018_17_Scharnierplattenband-480x315.jpg\" width=\"480\" height=\"315\" alt=\"Scharnierplattenband\">\n\t\t\t\t<\/a>\n\t\t\t<\/div>\n\t\t\t<div class=\"text\">\n\t\t\t\t\t<span class=\"title\">Scharnierplattenband<\/span>\n\t\t\t\t\t<span class=\"link\"><a href=\"https:\/\/www.cyrusequipment.com\/de\/produkt\/scharnierplattenband\/\">Details<\/a><\/span>\n\t\t\t<\/div>\n\t\t<\/div>\n\n\t<\/div>\n<\/div>\n\n\n<div style=\"height:30px\" aria-hidden=\"true\" class=\"wp-block-spacer\"><\/div>\n\n\n\n<h2 class=\"wp-block-heading\"><strong>Recyclingf\u00f6rderb\u00e4nder und anderes industrielles Recycling Equipment<\/strong><\/h2>\n\n\n\n<p>Zahlreiche Kunden wenden sich an CYRUS Equipment, wenn sie sichere, zuverl\u00e4ssige und effiziente industrielle F\u00f6rderb\u00e4nder ben\u00f6tigen. Neben mehreren F\u00f6rderbandvarianten bieten wir auch eine breite Palette an weiterem industriellem Recycling Equipment an.<\/p>\n\n\n\n<p>Diese Maschinen halten den Strapazen des Transports von geschnittenem oder zerkleinertem Schrott stand und sind f\u00fcr ihre au\u00dfergew\u00f6hnliche Lebensdauer bekannt.<\/p>\n\n\n\n<p>CYRUS Recycling Equipment bietet viele Anpassungs- und Einstellungsm\u00f6glichkeiten, so dass Sie optimierte Siebergebnisse f\u00fcr Ihre beabsichtigte Anwendung erzielen k\u00f6nnen. Diese Maschinen werden vom proaktiven Kundensupport-Team von CYRUS Equipment unterst\u00fctzt, da wir sicherstellen m\u00f6chten, dass Sie das Beste aus Ihrer Investition erhalten.<\/p>\n\n\n\n<div class=\"read-more__contents\">\n\n\n\n<h3 class=\"wp-block-heading\"><strong>Unser industrielles Recycling Equipment<\/strong><strong><\/strong><\/h3>\n\n\n\n<p>Der CYRUS-Katalog f\u00fcr industrielles Recycling Equipment umfasst mehrere verschiedene Maschinen, welche \u00fcblicherweise in einer Recyclinganlage verwendet werden, einschlie\u00dflich der folgenden:<\/p>\n\n\n\n<h4 class=\"wp-block-heading\"><strong>Schwingf\u00f6rderer mit Unwuchtantrieb<\/strong><strong><\/strong><\/h4>\n\n\n\n<p>Der Schwingf\u00f6rderer mit Unwuchtantrieb ist mit Abstand eines unserer beliebtesten Produkte. Diese fachm\u00e4nnisch gefertigte Maschine ist bekannt f\u00fcr ihre hohe Betriebssicherheit, lange Lebensdauer und die F\u00e4higkeit selbst den anspruchsvollsten Anwendungen standzuhalten.<\/p>\n\n\n\n<p>Der Schwingf\u00f6rderer mit Unwuchtantrieb ist nicht nur extrem langlebig, sondern zeichnet sich auch durch minimale Betriebskosten aus, erfordert sehr wenig Wartung und kann f\u00fcr eine Vielzahl von Anwendungen eingesetzt werden.<\/p>\n\n\n\n<p>Dieser F\u00f6rderer wird, wie viele andere Recyclinganlagen von CYRUS, nach Ihren Vorgaben entwickelt. Unser Built-to-Order-Ansatz stellt sicher, dass der Schwingf\u00f6rderer Ihre Erwartungen erf\u00fcllt oder \u00fcbertrifft.<\/p>\n\n\n\n<p>Viele Kunden bevorzugen diese Maschinen f\u00fcr Recyclinganwendungen aufgrund ihrer niedrigen Betriebskosten und des unglaublichen Wertes, welchen sie bieten. Wenn Sie ein gut durchdachtes F\u00f6rderband f\u00fcr Ihre Recyclinganlage ben\u00f6tigen, kann diese Maschine das perfekte Produkt f\u00fcr die Aufgabe sein.<\/p>\n\n\n\n<h4 class=\"wp-block-heading\"><strong>Schwingf\u00f6rderer mit Magnetantrieb<\/strong><strong><\/strong><\/h4>\n\n\n\n<p>Der Schwingf\u00f6rderer mit Magnetantrieb von CYRUS Equipment ist eine ausgefeilte Variante des oben genannten industriellen Recycling Equipments.<\/p>\n\n\n\n<p>Dieses Materialflusssystem nutzt gerichtete Schwingungen, welche durch Magnetvibratoren erzeugt werden. Jede Komponente dieser Recyclingf\u00f6rderanlage besteht aus vibrationsfesten Strukturen, um eine maximale Haltbarkeit zu gew\u00e4hrleisten.<\/p>\n\n\n\n<p>Der Schwingf\u00f6rderer mit Magnetantrieb ist ideal, wenn ein sorgf\u00e4ltiger Umgang mit Materialien erforderlich ist. Es bietet auch hochpr\u00e4zise Messfunktionen und zeichnet sich durch eine geringe Stellfl\u00e4che aus.<\/p>\n\n\n\n<p>Kunden bevorzugen diese Recyclingf\u00f6rderbandl\u00f6sung, wenn sie mehr Kontrolle \u00fcber den Materialumschlag behalten m\u00fcssen und mit engen Platzverh\u00e4ltnissen zu k\u00e4mpfen haben.<\/p>\n\n\n\n<h4 class=\"wp-block-heading\"><strong>Kreisschwingsieb<\/strong><strong><\/strong><\/h4>\n\n\n\n<p>Das Kreisschwingsieb von CYRUS Equipment erm\u00f6glicht die pr\u00e4zise Sortierung von Wertstoffen in Ihrer Anlage. Dieses Recycling Equipment kann eine Vielzahl von Medien \u00fcber Schwingungen handhaben und klassifizieren. Diese Maschinen verwenden einen kreisf\u00f6rmigen Antriebsmodus und werden schr\u00e4g installiert, um eine effiziente Sortierung zu erm\u00f6glichen.<\/p>\n\n\n\n<p>W\u00e4hrend die Standardversion dieses Modells einen kreisf\u00f6rmigen Antrieb verwendet, kann das CYRUS Equipment-Team das Produktdesign \u00e4ndern, um andere Antriebsarten wie Linearbewegungen zu integrieren. Sie k\u00f6nnen die Siebauskleidung auch basierend auf der Art und Gr\u00f6\u00dfe der Materialien anpassen, welche Sie sortieren m\u00fcssen.<\/p>\n\n\n\n<p>Unser Kreisschwingsieb weist eine hohe Verschlei\u00dffestigkeit auf. Abh\u00e4ngig von der Gr\u00f6\u00dfe und dem Gewicht Ihrer Medien ist es in der Lage, bis zu 500 Kubikmeter pro Stunde zu verarbeiten.<\/p>\n\n\n\n<h4 class=\"wp-block-heading\"><strong>Linearschwingsieb<\/strong><strong><\/strong><\/h4>\n\n\n\n<p>Linearschwingsiebe sind eine der Hauptmaschinen vieler Medienhandhabungs- und Sortiervorg\u00e4nge, einschlie\u00dflich derjenigen in Recyclinganlagen. Die Linearschwingsiebe von CYRUS Equipment verf\u00fcgen \u00fcber anpassbare gerichtete Vibrationseinstellungen, welche auf Ihre Installationsbedingungen und Materialhandhabungsanforderungen zugeschnitten sind.<\/p>\n\n\n\n<p>Diese Maschinen k\u00f6nnen verschiedene Mediengr\u00f6\u00dfen gleichzeitig klassifizieren und sortieren, was sie zu einem \u00e4u\u00dferst effizienten Recycling Equipment macht.<\/p>\n\n\n\n<p>Wie alle industriellen Recyclinganlagen von CYRUS weisen auch unsere Linearschwingsiebe eine hohe Verschlei\u00dffestigkeit auf. Sie sind in der Lage, ein gro\u00dfes Medienvolumen zu verarbeiten und zeichnen sich durch ein kompaktes Design aus. Wenn Ihr Verwendungszweck es vorschreibt, k\u00f6nnen diese Maschinen mit einer staubgesch\u00fctzten Konstruktion hergestellt werden.<\/p>\n\n\n\n<h4 class=\"wp-block-heading\"><strong>Hydraulische Hebe-\/Kippger\u00e4te<\/strong><strong><\/strong><\/h4>\n\n\n\n<p>Hydraulische Hebe-\/Kippger\u00e4te von CYRUS Equipment sind so konzipiert, dass sie Medien anheben, wenn sie von einem Prozess zum n\u00e4chsten \u00fcbergehen. Dieses vielseitige industrielle Recycling Equipment hat eine geringe Stellfl\u00e4che, obwohl sie schwere Medien effizient heben oder kippen kann.<\/p>\n\n\n\n<p>Das CYRUS Equipment-Fertigungsteam kann die hydraulischen Hebeger\u00e4te an Ihre individuellen Bed\u00fcrfnisse anpassen. Insbesondere k\u00f6nnen wir die H\u00f6he, den Winkel oder den Bewegungsumfang des Ger\u00e4ts \u00e4ndern, basierend auf dem beabsichtigten Installationsort.<\/p>\n\n\n\n<p>W\u00e4hrend der Installation k\u00f6nnen die hydraulischen Hebeger\u00e4te von CYRUS Equipment auch so ausgerichtet werden, dass sie Ihren Bed\u00fcrfnissen am besten entsprechen. Diese Flexibilit\u00e4t macht das hydraulische Hebe-\/Kippger\u00e4t von CYRUS Equipment bei Recyclingkunden beliebt.<\/p>\n\n\n\n<h4 class=\"wp-block-heading\"><strong>Schwingf\u00f6rderer mit Schubkurbelantrieb<\/strong><strong><\/strong><\/h4>\n\n\n\n<p>Der Schwingf\u00f6rderer mit Schubkurbelantrieb von CYRUS Equipment hat eine langlebige und vibrationsfeste Struktur. Die Eigenschaften des Schwingf\u00f6rderers k\u00f6nnen an die Betriebsbedingungen in Ihrer Anlage angepasst werden.<\/p>\n\n\n\n<p>Schwingf\u00f6rderer verwenden gerichtete Vibrationen, um Medien \u00fcber das Recycling-F\u00f6rderband zu transportieren. Diese Materialflusssysteme k\u00f6nnen den Materialumschlag \u00fcber gro\u00dfe Entfernungen erleichtern und sind ideal f\u00fcr gro\u00dfe Fabriken.<\/p>\n\n\n\n<p>Das robuste Design des Schwingf\u00f6rderers mit Schubkurbelantrieb tr\u00e4gt dazu bei, Wartungskosten und -frequenzen zu minimieren. Dieses langlebige Recycling Equipment hat eine geringe Stellfl\u00e4che und eine au\u00dfergew\u00f6hnliche Lebensdauer.<\/p>\n\n\n\n<h4 class=\"wp-block-heading\"><strong>Scharnierplattenband<\/strong><strong><\/strong><\/h4>\n\n\n\n<p>W\u00e4hrend CYRUS Equipment f\u00fcr die Bereitstellung modernster Schwingf\u00f6rderanlagen bekannt ist, bieten wir auch mehrere traditionelle Recyclingf\u00f6rderl\u00f6sungen an. Der Eckpfeiler unserer nicht vibrierenden Recyclingger\u00e4te ist das Scharnierplattenband.<\/p>\n\n\n\n<p>Diese Plattenb\u00e4nder sind f\u00fcr den Transport gro\u00dfer und schwerer Materialien wie zerkleinerter oder geschnittener Metallsegmente ausgelegt. Es ist langlebig genug, um Medien zu handhaben, welche nicht von Gummi-Recycling-F\u00f6rderb\u00e4ndern aufgenommen werden k\u00f6nnen.<\/p>\n\n\n\n<p>Unser Scharnierplattenband generiert eine minimale L\u00e4rmbel\u00e4stigung. Es hat eine sehr lange Lebensdauer. Kumulativ stellen diese Attribute sicher, dass Sie eine optimale Rendite f\u00fcr Ihre Investition erzielen.<\/p>\n\n\n\n<p>Das Scharnierplattenband wird typischerweise in einem relativ starken Neigungswinkel installiert, um den Transport schwerer Medien zu beschleunigen. Dieses Setup kann jedoch basierend auf den Gr\u00f6\u00dfenanforderungen Ihrer Recyclinganlage ge\u00e4ndert werden.<\/p>\n\n\n\n<h3 class=\"wp-block-heading\"><strong>Warum Sie sich f\u00fcr CYRUS Equipment f\u00fcr Ihre Recyclingmaschinen entscheiden sollten<\/strong><strong><\/strong><\/h3>\n\n\n\n<p>Wenn es darum geht in industrielles Recycling Equipment zu investieren, macht der von Ihnen gew\u00e4hlte Anbieter den Unterschied. Ein gro\u00dfartiger Partner bietet w\u00e4hrend des gesamten Prozesses fortlaufende Unterst\u00fctzung, Fachwissen und Anleitung.<\/p>\n\n\n\n<p>CYRUS Equipment stellt sicher, dass Sie das beste Recycling Equipment f\u00fcr Ihre beabsichtigten Anwendungen erhalten und dass diese Ger\u00e4te auf der Grundlage der von Ihnen bereitgestellten Informationen angepasst werden.<\/p>\n\n\n\n<p>Immer wieder wenden sich Kunden aus folgenden Gr\u00fcnden an CYRUS Equipment f\u00fcr ihr industrielles Recycling Equipment:<\/p>\n\n\n\n<h4 class=\"wp-block-heading\"><strong>Jahrzehntelange Erfahrung <\/strong><strong><\/strong><\/h4>\n\n\n\n<p>Die Wurzeln von CYRUS Equipment reichen bis ins Jahr 1976 zur\u00fcck. Seit der Gr\u00fcndung von CYRUS Equipment vor \u00fcber 46 Jahren liefert unser Team hochwertige Systeme und Maschinen an Kunden in einer Vielzahl von Branchen.<\/p>\n\n\n\n<p>Wir arbeiten mit Organisationen zusammen, welche in den Bereichen Futter- und Lebensmittel, Rohstoffverarbeitung, Gie\u00dferei und Metallurgie, Schmiedewesen und nat\u00fcrlich Recycling t\u00e4tig sind.<\/p>\n\n\n\n<p>Die Kombination aus unserem Erfahrungsschatz und unserem umfangreichen Netzwerk von Installationen erm\u00f6glicht es uns, qualitativ hochwertiges industrielles Recycling Equipment zu liefern, welches genau den Anforderungen Ihrer Anwendung entsprechen.<\/p>\n\n\n\n<p>Wenn Sie sich die Zeit nehmen mehr \u00fcber Ihren beabsichtigten Einsatz unseres Equipments zu erfahren, kann sich das CYRUS Equipment-Team auf sein branchenspezifisches Know-how st\u00fctzen, um Ihnen bei der Suche nach den Produkten zu helfen, welche Sie ben\u00f6tigen, um die Arbeit zu erledigen. Wir k\u00f6nnen Sie bei der Auswahl von Produkten, der Auswahl von Antriebstypen und der Anpassung der Siebdurchsatzfunktionen unterst\u00fctzen.<\/p>\n\n\n\n<h4 class=\"wp-block-heading\"><strong>Kundenzentriertes Servicemodell<\/strong><strong><\/strong><\/h4>\n\n\n\n<p>Anbieter, welche sich nicht wirklich um Ihre Ergebnisse und Ihren Erfolg k\u00fcmmern, bieten nach Abschluss eines Gesch\u00e4fts nur begrenzten Support. Umgekehrt bietet eine kundenorientierte Organisation, wie CYRUS Equipment, Unterst\u00fctzung und Anleitung vor dem Verkauf, w\u00e4hrend des Installationsprozesses und w\u00e4hrend des gesamten Maschinenlebenszyklus.<\/p>\n\n\n\n<p>CYRUS Equipment unterscheidet sich von anderen Anbietern, indem es von Beginn an jeder Kundeninteraktion erstklassigen Service bietet. Wir bem\u00fchen uns Ihr Unternehmen in der Angebotsphase zu gewinnen und zu halten, indem wir Sie proaktiv bei der Auswahl Ihrer Produkte unterst\u00fctzen.<\/p>\n\n\n\n<p>Wir werden Sie nicht einfach auf ein Recyclingf\u00f6rderband oder ein anderes Medientransportger\u00e4t hinweisen. Stattdessen h\u00f6ren wir Ihnen zu und lernen Ihre Bed\u00fcrfnisse kennen, damit wir die besten L\u00f6sungen f\u00fcr Ihre Einrichtung finden k\u00f6nnen.<\/p>\n\n\n\n<p>Nachdem unsere Produkte an Ihre Bed\u00fcrfnisse angepasst wurden, unterziehen wir sie einem gr\u00fcndlichen Testlauf. Dieser umfangreiche Testprozess erm\u00f6glicht es uns, Schwingungsdaten zu sammeln und sicherzustellen, dass jedes Equipment optimal funktioniert, bevor es unsere Einrichtung verl\u00e4sst.<\/p>\n\n\n\n<p>CYRUS Equipment bietet Ihnen auch Zugang zu unseren Servicetechnikern und Montageleitern. Diese Personen erm\u00f6glichen einen nahtlosen Einsatz Ihres Recycling Equipments. Sie k\u00f6nnen auch die Installation Ihrer CYRUS Equipment-Maschinen unabh\u00e4ngig \u00fcberwachen, wenn Sie dies w\u00fcnschen.<\/p>\n\n\n\n<p>Sobald Ihre Maschinen installiert und in Betrieb genommen wurden, steht das CYRUS Equipment-Team bereit, um sie mit h\u00f6chster Effizienz zu betreiben. Wir haben eine Notfall-Hotline, welche 24\/7 verf\u00fcgbar ist, falls Sie auf ein Problem au\u00dferhalb der Gesch\u00e4ftszeiten sto\u00dfen, welches einfach nicht warten kann.<\/p>\n\n\n\n<p>Dar\u00fcber hinaus kann unser Wartungsteam bei allen laufenden Instandhaltungsproblemen oder Modernisierungsinitiativen behilflich sein, um sicherzustellen, dass Ihre Anlage immer Zugang zu den ben\u00f6tigten Maschinen hat, um die Produktivit\u00e4t zu maximieren.<\/p>\n\n\n\n<h4 class=\"wp-block-heading\"><strong>Hochwertiges industrielles Recycling Equipment<\/strong><strong><\/strong><\/h4>\n\n\n\n<p>W\u00e4hrend das Know-how und das Support-Modell von CYRUS Equipment uns zu einem wertvollen Aktivposten f\u00fcr Ihr Unternehmen machen, ist es unser Equipment, welches uns von jedem anderen Maschinenanbieter unterscheidet.<\/p>\n\n\n\n<p>Das technische Personal von CYRUS Equipment achtet bei der Erstellung unserer industriellen Recyclinganlagen auf jedes Detail. Jede Komponente wird sorgf\u00e4ltig ausgew\u00e4hlt, um eine maximale Haltbarkeit zu erzielen und gleichzeitig den Wartungsbedarf zu minimieren.<\/p>\n\n\n\n<p>Die Langlebigkeit unseres Equipments erm\u00f6glicht es Ihnen mit Vertrauen zu kaufen. Wenn Sie CYRUS Equipment-Maschinen in Ihrer Recyclinganlage einsetzen, k\u00f6nnen Sie sicher sein, dass sie das Potenzial haben eine starke Kapitalrendite zu erzielen.<\/p>\n\n\n\n<p>Sollten Sie auf ein Qualit\u00e4ts- oder Leistungsproblem sto\u00dfen, steht Ihnen unser Support-Team zur Verf\u00fcgung, um einzuspringen und zu helfen. Wir bem\u00fchen uns, alle Equipment-Probleme so effizient wie m\u00f6glich zu beheben, damit Sie sich auf den t\u00e4glichen Betrieb Ihres Unternehmens konzentrieren k\u00f6nnen.<\/p>\n\n\n\n<h4 class=\"wp-block-heading\"><strong>Unersch\u00fctterlicher Qualit\u00e4tsanspruch<\/strong><strong><\/strong><\/h4>\n\n\n\n<p>Bei CYRUS Equipment gehen wir keine Kompromisse ein wenn es um die Qualit\u00e4t unserer Arbeit geht. Wir bauen jedes Recycling Equipment nach den h\u00f6chsten Produktionsstandards der Branche.<\/p>\n\n\n\n<p>Dar\u00fcber hinaus testen wir jedes Equipment, bevor es unsere Fabrikhalle verl\u00e4sst. Sollte ein Equipment unseren Probelauf nicht bestehen, wird es nicht ausgeliefert, bis unser Team das Problem behoben hat.<\/p>\n\n\n\n<p>CYRUS Equipment wendet unsere strengen Qualit\u00e4tsstandards auch auf unser Support- und Wartungsmodell an. Jedes Teil oder jede Komponente, welche wir an unsere Kunden liefern, wird mit der gleichen Liebe zum Detail gebaut, welche wir in unsere Maschinen stecken.<\/p>\n\n\n\n<h4 class=\"wp-block-heading\"><strong>Fortlaufende Kommunikation <\/strong><strong><\/strong><\/h4>\n\n\n\n<p>Das Designteam von CYRUS Equipment ist bestrebt die Dinge aus der Sicht unserer Kunden zu betrachten. Dieser Ansatz erm\u00f6glicht es uns die Herausforderungen und Schmerzpunkte, mit denen Sie konfrontiert sind, besser zu verstehen, damit wir eine ideale L\u00f6sung entwickeln k\u00f6nnen.<\/p>\n\n\n\n<p>CYRUS Equipment arbeitet auch daran w\u00e4hrend des gesamten Prozesses klare und konsistente Kommunikationswege mit Ihnen aufrechtzuerhalten. Wir wenden uns proaktiv an Sie, um aktuelle Informationen zu Ihrer Bestellung bereitzustellen und stellen Ihnen unser Support-Team rund um die Uhr zur Verf\u00fcgung.<\/p>\n\n\n\n<p>Unser Team ist davon \u00fcberzeugt, dass Transparenz und klare Kommunikation die Grundlage f\u00fcr langfristige Kundenbeziehungen bilden.<\/p>\n\n\n\n<h3 class=\"wp-block-heading\"><strong>Sind Sie bereit, mehr zu erfahren? <\/strong><strong><\/strong><\/h3>\n\n\n\n<p>Bei CYRUS Equipment verstehen wir, dass der Kauf von Recyclingf\u00f6rderb\u00e4ndern und anderem industriellem Recycling Equipment eine gro\u00dfe Investition ist. Daher ist es wichtig, dass Sie den richtigen Partner f\u00fcr alle Ihre Recyclinganlagenanforderungen w\u00e4hlen. CYRUS Equipment ist dieser Partner.<\/p>\n\n\n\n<p>Zwischen unserer jahrzehntelangen Branchenerfahrung, einem unersch\u00fctterlichen Engagement f\u00fcr unsere Kunden, einem flexiblen Supportmodell und hochwertigem Equipment k\u00f6nnen wir Sie mit den Maschinen ausstatten, welche Sie ben\u00f6tigen, um Recycling- und Schrottmaterial effizient zu transportieren.<\/p>\n\n\n\n<p>Unsere Recyclingf\u00f6rderb\u00e4nder und andere Maschinen funktionieren effizient, unabh\u00e4ngig davon, ob Sie Eisen- oder Nichteisenmetalle transportieren m\u00fcssen. Sie k\u00f6nnen unser zuverl\u00e4ssiges Equipment auch verwenden, um andere Wertstoffe zu transportieren und zu sortieren, welche auf den Bed\u00fcrfnissen Ihrer Einrichtung basieren.<\/p>\n\n\n\n<p>Wenn Sie mehr \u00fcber die Produktpalette von CYRUS Equipment, einschlie\u00dflich unseres Recycling Equipments erfahren m\u00f6chten, laden wir Sie ein, unseren Katalog zu durchsuchen.<\/p>\n\n\n\n<p>F\u00fcr pers\u00f6nlichere Hilfe und Unterst\u00fctzung k\u00f6nnen Sie sich auch direkt an unser Team wenden. Wir verbinden Sie mit einer sehr erfahrenen Person, welche sich die Zeit nimmt, die Anforderungen Ihres Projekts zu verstehen. Kontaktieren Sie uns noch heute.<\/p>\n\n\n\n<\/div>\n\n\n\n<div class=\"wp-block-buttons is-layout-flex wp-block-buttons-is-layout-flex\">\n<div class=\"wp-block-button read-more__buttons is-style-fill\"><a class=\"wp-block-button__link has-white-color has-text-color has-background\" style=\"background-color:#066bb1\">Read More<\/a><\/div>\n<\/div>\n","protected":false},"excerpt":{"rendered":"<p>Geht es um den Transport von geschreddertem oder geschnittenem Schrottmaterial, werden unsere Abzugs-Schwingf\u00f6rderrinnen verwendet. Dazu kann der zu trennende Schrott \u00fcber integrierte Schmutzabsiebungen und Magnetabscheidungen gereinigt und von nichtmagnetischem Material separiert werden. Station\u00e4re oder schwenkbare Stahlplattenb\u00e4nder aus unserer Produktpalette helfen dabei, den zerkleinerten Schrott einem Lagerplatz oder bereitgestellten Transportwaggons zuzuf\u00fchren. Wenn es darum geht, Edelmetalle &#8230; <a title=\"Recycling\" class=\"read-more\" href=\"https:\/\/www.cyrusequipment.com\/de\/branchen\/recycling\/\" aria-label=\"Read more about Recycling\">Weiterlesen &#8230;<\/a><\/p>\n","protected":false},"author":2,"featured_media":239,"parent":697,"menu_order":0,"comment_status":"closed","ping_status":"closed","template":"","meta":{"_acf_changed":false,"footnotes":""},"class_list":["post-708","page","type-page","status-publish","has-post-thumbnail"],"acf":[],"_links":{"self":[{"href":"https:\/\/www.cyrusequipment.com\/de\/wp-json\/wp\/v2\/pages\/708","targetHints":{"allow":["GET"]}}],"collection":[{"href":"https:\/\/www.cyrusequipment.com\/de\/wp-json\/wp\/v2\/pages"}],"about":[{"href":"https:\/\/www.cyrusequipment.com\/de\/wp-json\/wp\/v2\/types\/page"}],"author":[{"embeddable":true,"href":"https:\/\/www.cyrusequipment.com\/de\/wp-json\/wp\/v2\/users\/2"}],"replies":[{"embeddable":true,"href":"https:\/\/www.cyrusequipment.com\/de\/wp-json\/wp\/v2\/comments?post=708"}],"version-history":[{"count":0,"href":"https:\/\/www.cyrusequipment.com\/de\/wp-json\/wp\/v2\/pages\/708\/revisions"}],"up":[{"embeddable":true,"href":"https:\/\/www.cyrusequipment.com\/de\/wp-json\/wp\/v2\/pages\/697"}],"wp:featuredmedia":[{"embeddable":true,"href":"https:\/\/www.cyrusequipment.com\/de\/wp-json\/wp\/v2\/media\/239"}],"wp:attachment":[{"href":"https:\/\/www.cyrusequipment.com\/de\/wp-json\/wp\/v2\/media?parent=708"}],"curies":[{"name":"wp","href":"https:\/\/api.w.org\/{rel}","templated":true}]}}