{"id":702,"date":"2021-04-03T05:09:41","date_gmt":"2021-04-03T10:09:41","guid":{"rendered":"https:\/\/www.cyrusequipment.com\/branchen\/schmiede\/"},"modified":"2025-09-08T10:58:31","modified_gmt":"2025-09-08T15:58:31","slug":"schmiede","status":"publish","type":"page","link":"https:\/\/www.cyrusequipment.com\/de\/branchen\/schmiede\/","title":{"rendered":"Schmiede und W\u00e4rmebehandlung"},"content":{"rendered":"\n<p>Die Schmiedeindustrie hat als Zulieferer f\u00fcr die Automobilindustrie bis heute nichts an ihrer Bedeutung verloren. Zur Herstellung ihrer Produkte sind in zahlreichen Schmiedebetrieben unsere Schwing- und F\u00f6rderanlagen im Einsatz. Wenn es um die automatisierte Vereinzelung und lagerichtige Zuf\u00fchrung von unterschiedlichstem Rund- und Vierkantmaterial zum Erw\u00e4rmerofen geht, sind unsere hydraulischen Hub- und Kippvorrichtungen, Zuteilautomaten und Schwingf\u00f6rderrinnen seit vielen Jahren die richtige Wahl. Hier bieten wir Ihnen, angepasst auf Ihr Schmiedeprogramm, stets kompetente Beratung sowie betriebssichere und effektive L\u00f6sungen an.<\/p>\n\n\n\n<p>Im Anschluss an das Schmieden oder auch in anderen Produktionsprozessen hat die W\u00e4rmebehandlung einen besonderen Einfluss auf die Produktqualit\u00e4t. CYRUS Hebe-\/Kippger\u00e4te sowie Schwingf\u00f6rderrinnen verschiedenster Bauart kommen hier zur zuverl\u00e4ssigen und gleichm\u00e4\u00dfigen Beschickung der Durchlauf\u00f6fen zum Einsatz.<\/p>\n\n\n\n<p>Eine Auswahl unserer Produkte, die vielfach im Bereich Schmiede und W\u00e4rmebehandlung zum Einsatz kommen, finden Sie unten. Einen \u00dcberblick \u00fcber die gesamte CYRUS Produktpalette finden Sie&nbsp;<a title=\"Produkte\" href=\"https:\/\/www.cyrusequipment.com\/de\/produkte.html\">hier<\/a>.<\/p>\n\n\n \n<hr>\n<div id=\"content-grid-block_1779088c21f9f766d10c833bd08788c2\" class=\"content-grid\">\n\t<div class=\"grid\">\n\t\t<div class=\"item\">\n\t\t\t<div class=\"image\">\n\t\t\t\t<a href=\"https:\/\/www.cyrusequipment.com\/de\/produkt\/schwingfoerderer-mit-unwuchtantrieb\/\" title=\"Schwingf\u00f6rderer mit Unwuchtantrieb\">\n\t\t\t\t\t<img decoding=\"async\" src=\"https:\/\/media.cyrusequipment.com\/wp-content\/uploads\/2024\/12\/Cyrus-Feeder-Y00121-01-G01-edited-1-e1733757993935-480x315.png\" width=\"480\" height=\"315\" alt=\"Schwingf\u00f6rderer mit Unwuchtantrieb\">\n\t\t\t\t<\/a>\n\t\t\t<\/div>\n\t\t\t<div class=\"text\">\n\t\t\t\t\t<span class=\"title\">Schwingf\u00f6rderer mit Unwuchtantrieb<\/span>\n\t\t\t\t\t<span class=\"link\"><a href=\"https:\/\/www.cyrusequipment.com\/de\/produkt\/schwingfoerderer-mit-unwuchtantrieb\/\">Details<\/a><\/span>\n\t\t\t<\/div>\n\t\t<\/div>\n\n\t\t<div class=\"item\">\n\t\t\t<div class=\"image\">\n\t\t\t\t<a href=\"https:\/\/www.cyrusequipment.com\/de\/produkt\/schwingfoerderer-mit-magnetantrieb\/\" title=\"Schwingf\u00f6rderer mit Magnetantrieb\">\n\t\t\t\t\t<img decoding=\"async\" src=\"https:\/\/media.cyrusequipment.com\/wp-content\/uploads\/2021\/03\/update_0008_02_Schwingfoerderer-Magnetantrieb-480x315.jpg\" width=\"480\" height=\"315\" alt=\"Schwingf\u00f6rderer mit Magnetantrieb\">\n\t\t\t\t<\/a>\n\t\t\t<\/div>\n\t\t\t<div class=\"text\">\n\t\t\t\t\t<span class=\"title\">Schwingf\u00f6rderer mit Magnetantrieb<\/span>\n\t\t\t\t\t<span class=\"link\"><a href=\"https:\/\/www.cyrusequipment.com\/de\/produkt\/schwingfoerderer-mit-magnetantrieb\/\">Details<\/a><\/span>\n\t\t\t<\/div>\n\t\t<\/div>\n\n\t\t<div class=\"item\">\n\t\t\t<div class=\"image\">\n\t\t\t\t<a href=\"https:\/\/www.cyrusequipment.com\/de\/produkt\/hydraulisches-hebe-kippgeraet\/\" title=\"Hydraulisches Hebe- \/ Kippger\u00e4t\">\n\t\t\t\t\t<img decoding=\"async\" src=\"https:\/\/media.cyrusequipment.com\/wp-content\/uploads\/2021\/03\/update_0016_hydraulisches_hebe_kippgeraet-480x315.jpg\" width=\"480\" height=\"315\" alt=\"Hydraulisches Hebe- \/ Kippger\u00e4t\">\n\t\t\t\t<\/a>\n\t\t\t<\/div>\n\t\t\t<div class=\"text\">\n\t\t\t\t\t<span class=\"title\">Hydraulisches Hebe- \/ Kippger\u00e4t<\/span>\n\t\t\t\t\t<span class=\"link\"><a href=\"https:\/\/www.cyrusequipment.com\/de\/produkt\/hydraulisches-hebe-kippgeraet\/\">Details<\/a><\/span>\n\t\t\t<\/div>\n\t\t<\/div>\n\n\t\t<div class=\"item\">\n\t\t\t<div class=\"image\">\n\t\t\t\t<a href=\"https:\/\/www.cyrusequipment.com\/de\/produkt\/zuteilautomat\/\" title=\"Zuteilautomat\">\n\t\t\t\t\t<img decoding=\"async\" src=\"https:\/\/media.cyrusequipment.com\/wp-content\/uploads\/2021\/03\/update_0017_16_Zuteilautomat-480x315.jpg\" width=\"480\" height=\"315\" alt=\"Zuteilautomat\">\n\t\t\t\t<\/a>\n\t\t\t<\/div>\n\t\t\t<div class=\"text\">\n\t\t\t\t\t<span class=\"title\">Zuteilautomat<\/span>\n\t\t\t\t\t<span class=\"link\"><a href=\"https:\/\/www.cyrusequipment.com\/de\/produkt\/zuteilautomat\/\">Details<\/a><\/span>\n\t\t\t<\/div>\n\t\t<\/div>\n\n\t\t<div class=\"item\">\n\t\t\t<div class=\"image\">\n\t\t\t\t<a href=\"https:\/\/www.cyrusequipment.com\/de\/produkt\/scharnierplattenband\/\" title=\"Scharnierplattenband\">\n\t\t\t\t\t<img decoding=\"async\" src=\"https:\/\/media.cyrusequipment.com\/wp-content\/uploads\/2021\/03\/update_0018_17_Scharnierplattenband-480x315.jpg\" width=\"480\" height=\"315\" alt=\"Scharnierplattenband\">\n\t\t\t\t<\/a>\n\t\t\t<\/div>\n\t\t\t<div class=\"text\">\n\t\t\t\t\t<span class=\"title\">Scharnierplattenband<\/span>\n\t\t\t\t\t<span class=\"link\"><a href=\"https:\/\/www.cyrusequipment.com\/de\/produkt\/scharnierplattenband\/\">Details<\/a><\/span>\n\t\t\t<\/div>\n\t\t<\/div>\n\n\t<\/div>\n<\/div>\n\n\n<p><\/p>\n\n\n\n<h2 class=\"wp-block-heading\">Industrielle Schmiedemaschinen und Schmiedef\u00f6rderer \u2014 W\u00e4rmebehandlungsanlagen<\/h2>\n\n\n\n<p>Seit Jahrzehnten ist CYRUS Equipment die bevorzugte Wahl f\u00fcr Industrieunternehmen in vielen Sektoren, einschlie\u00dflich des industriellen Schmiedebereichs. CYRUS Equipment ist ein wichtiger Lieferant von Schmiedef\u00f6rderern und W\u00e4rmebehandlungsanlagen f\u00fcr die Automobilindustrie und viele andere Organisationen, welche das Schmieden betreiben.<\/p>\n\n\n\n<p>Wie Sie wissen, werden Schmiedemaschinen jeden Tag einem harten Umfeld ausgesetzt. Daher ist es wichtig, dass Ihre Schmiedemaschinen nach den h\u00f6chsten Qualit\u00e4tsstandards hergestellt werden. Andernfalls werden sie nicht in der Lage sein dem Verschlei\u00df standzuhalten, welcher in modernen industriellen Schmiedeumfeldern auftritt.<\/p>\n\n\n\n<div class=\"read-more__contents\">\n\n\n\n<p>Ihre Schmiedemaschinen m\u00fcssen nicht nur langlebig sein, sondern auch zuverl\u00e4ssig funktionieren. Wenn Ihre Ladeger\u00e4te und andere Maschinen nicht wie vorgesehen funktionieren, leidet die Produktqualit\u00e4t. Dieser Mangel an Qualit\u00e4t kann zu entgangenen Gewinnen, zu Sch\u00e4den an Ihrem Markenimage und zu geringerer Kundenzufriedenheit f\u00fchren.<\/p>\n\n\n\n<p>Gl\u00fccklicherweise k\u00f6nnen Sie diese Schmerzpunkte vermeiden, indem Sie mit dem f\u00fchrenden Anbieter von industriellen Schmiedemaschinen &#8211; CYRUS Equipment &#8211; zusammenarbeiten.<\/p>\n\n\n\n<p>Unser umfangreiches Angebot an ma\u00dfgeschneiderten Schmiedemaschinenl\u00f6sungen kann die Bed\u00fcrfnisse von praktisch jedem Kunden erf\u00fcllen. Und unser Ingenieur- und Designteam kann unsere Standardausr\u00fcstungsmodelle so \u00e4ndern, dass sie in Ihrer Einrichtung optimal funktionieren.<\/p>\n\n\n\n<p>Sobald Sie den Unterschied von CYRUS Equipment erlebt haben, werden Sie niemals mehr mit einem anderen Equipment-Anbieter zusammenarbeiten wollen. Wir bieten beispiellosen Support, zeitnahe Projektbegleitung, un\u00fcbertroffene Reaktionsf\u00e4higkeit und einen effizienten Zeitrahmen f\u00fcr die Anlagenproduktion, damit Sie Ihre Maschinen innerhalb Ihrer Frist in Betrieb nehmen k\u00f6nnen.<\/p>\n\n\n\n<h3 class=\"wp-block-heading\"><strong>Unsere Schmiedemaschinen<\/strong><\/h3>\n\n\n\n<p>Der Katalog der Schmiedemaschinen von CYRUS Equipment umfasst alles was Sie ben\u00f6tigen, um Materialien in Ihrer gesamten Anlage zu transportieren, Ihren Ofen zu beladen und den reibungslosen Betrieb der Produktionslinien aufrechtzuerhalten. Zu unseren beliebtesten industriellen Schmiede-Equipment-Optionen geh\u00f6ren die folgenden:<\/p>\n\n\n\n<h4 class=\"wp-block-heading\"><strong>Zuteilautomat<\/strong><\/h4>\n\n\n\n<p>Der Zuteilautomat von CYRUS Equipment hat zwei Einsatzm\u00f6glichkeiten. Die Hauptfunktion besteht darin, den Ofen Ihrer Anlage zu beladen, um sicherzustellen, dass er die richtige Temperatur hat, um Schmiedevorg\u00e4nge zu befeuern. Alternativ kann unser Zuteilautomat so konfiguriert werden, dass er Kn\u00fcppel (oft auch als Noppen oder Stangen bezeichnet) f\u00fcr verschiedene Schmiedeprozesse in Ihrer gesamten Anlage liefert.<\/p>\n\n\n\n<p>Zu den Schl\u00fcsselkomponenten des Zuteilautomaten geh\u00f6ren ein Lagertrog, ein Rollenf\u00f6rderer, eine Kippvorrichtung und\/oder ein Vibrationsrinnenf\u00f6rderer mit Magnetantrieb. Unsere Standard-Zuteilautomaten sind mit T\u00f6pfen ausgestattet, welche innen spiralf\u00f6rmige Konstruktionen aufweisen. Auf Anfrage k\u00f6nnen wir jedoch externe Sortierzuf\u00fchrer in Spiralform zur Verf\u00fcgung stellen.<\/p>\n\n\n\n<p>Unsere Zuteilautomaten haben eine kompakte Bauweise und eine geringe Stellfl\u00e4che. Diese Konstruktion macht sie f\u00fcr den Einsatz in Schmiedeanlagen aller Gr\u00f6\u00dfen geeignet. Sie zeichnen sich au\u00dferdem durch einen ger\u00e4uscharmen Betrieb, eine robuste Ausf\u00fchrung und eine au\u00dfergew\u00f6hnliche Verschlei\u00dffestigkeit aus.<\/p>\n\n\n\n<p>Kunden, welche diese Zuteilautomaten kaufen, erleben einen \u00fcberlegenen Return on Investment und niedrige Betriebskosten. Weitere Vorteile unseres Maschinenparks sind die Ger\u00e4uschreduzierung und eine hohe Gesamtbetriebssicherheit.<\/p>\n\n\n\n<p>CYRUS Equipment verf\u00fcgt \u00fcber verschiedene Lagertroggr\u00f6\u00dfen, von welchen die gr\u00f6\u00dfte eine Kapazit\u00e4t von bis zu 10 Tonnen hat.<\/p>\n\n\n\n<h4 class=\"wp-block-heading\"><strong>Schanierplattenband-Schmiedef\u00f6rderer<\/strong><\/h4>\n\n\n\n<p>Unsere Plattenf\u00f6rderer sind in industriellen Schmiedeanlagen auf der ganzen Welt zu finden. Diese extrem langlebigen Ger\u00e4te k\u00f6nnen schwere, gro\u00dfe Materialien transportieren. Sie wurden sorgf\u00e4ltig entwickelt, um Hei\u00dfgussteile oder andere Materialien zu transportieren, welche nicht mit Gummibandf\u00f6rderern transportiert werden k\u00f6nnen.<\/p>\n\n\n\n<p>Wie alle CYRUS Ger\u00e4te haben auch unsere Schanierplattenband-Schmiedef\u00f6rderer eine lange Lebensdauer und niedrige Wartungskosten. Sie emittieren einen minimalen L\u00e4rm, was die Sicherheit innerhalb der Schmiedeanlage erh\u00f6ht.<\/p>\n\n\n\n<p>Der Winkel und die L\u00e4nge der CYRUS-F\u00f6rderer k\u00f6nnen je nach Kundenbed\u00fcrfnissen ge\u00e4ndert werden.<\/p>\n\n\n\n<p>W\u00e4hrend des Designprozesses sammelt unser Team detaillierte Informationen \u00fcber Ihren Verwendungszweck, die Materialien, welche Sie transportieren m\u00fcssen und die Entfernung, welche Sie f\u00fcr den Transport dieser Materialien ben\u00f6tigen. Sie nutzen diese Informationen, um eine ma\u00dfgeschneiderte L\u00f6sung zu schaffen, welche den Anforderungen Ihrer Einrichtung entspricht.<\/p>\n\n\n\n<h4 class=\"wp-block-heading\"><strong>Hydraulische Hub-\/Kippvorrichtungen<\/strong><\/h4>\n\n\n\n<p>Die hydraulischen Hub-\/Kippvorrichtungen von CYRUS Equipment zeichnen sich durch eine geringe Stellfl\u00e4che und eine kompakte Bauweise aus. Diese Konstruktionselemente bieten Ihnen eine F\u00fclle von M\u00f6glichkeiten bei der Neukonfiguration der Gestaltung Ihrer Schmiedeanlage.<\/p>\n\n\n\n<p>Diese hydraulischen Hub-\/Kippvorrichtungen sind in der gesamten Branche f\u00fcr ihre au\u00dfergew\u00f6hnliche Verschlei\u00dffestigkeit und ihre lange Lebensdauer bekannt. Unser Equipment ist nicht nur auf Langlebigkeit ausgelegt, sondern arbeitet ebenfalls mit minimalem Wartungsaufwand. Kunden, welche sich an die Wartungsrichtlinien von CYRUS Equipment halten, k\u00f6nnen ihre Maschinen jahrelang zuverl\u00e4ssig funktionsf\u00e4hig halten.<\/p>\n\n\n\n<p>Die hydraulischen Hub-\/Kippvorrichtungen von CYRUS Equipment sind in verschiedenen Gr\u00f6\u00dfen und Kapazit\u00e4ten erh\u00e4ltlich. Unser Ingenieurteam \u00e4ndert die spezifischen Eigenschaften Ihrer Ausr\u00fcstung basierend auf Ihrer Anwendung.<\/p>\n\n\n\n<h4 class=\"wp-block-heading\"><strong>Weichenrinne<\/strong><\/h4>\n\n\n\n<p>Die Weichenrinnen von CYRUS Equipment stellen sicher, dass Ihre Produktionsmaterialien auf die richtige Spur geleitet werden, w\u00e4hrend sie den Herstellungsprozess durchlaufen. W\u00e4hrend diese Ger\u00e4te weniger komplex sind als einige andere Arten von Schmiedemaschinen, so sind sie ebenso wichtig.<\/p>\n\n\n\n<p>Unser Ingenieurteam hat unsere Weichenrinnen so konzipiert, dass sie auch unter den h\u00e4rtesten Bedingungen einwandfrei funktionieren. Sie sind in der Lage, die hohen Temperaturen und gro\u00dfen Lastvolumina zu bew\u00e4ltigen, welche in der industriellen Schmiedeumgebung \u00fcblich sind.<\/p>\n\n\n\n<p>Wie bei unserem anderen Equipment bieten unsere Weichenrinnen einen geringen Wartungsaufwand und eine hohe Zuverl\u00e4ssigkeit. Sie produzieren eine minimale L\u00e4rmbel\u00e4stigung. Wenn unsere Weichenrinnen mit anderen Maschinen von CYRUS Equipment gekoppelt werden, k\u00f6nnen Sie die Ger\u00e4uschentwicklung in Ihrer Anlage drastisch reduzieren.<\/p>\n\n\n\n<p>L\u00e4rmreduzierung ist ein gro\u00dfer Vorteil f\u00fcr ein kollaboratives Arbeitsumfeld und verbessert gleichzeitig die Sicherheit am Arbeitsplatz.<\/p>\n\n\n\n<h4 class=\"wp-block-heading\"><strong>Schwingf\u00f6rderer mit Magnetantrieb<\/strong><\/h4>\n\n\n\n<p>Die Schwingf\u00f6rderer mit Magnetantrieb von CYRUS Equipment verf\u00fcgen \u00fcber eine verschraubte und geschwei\u00dfte Konstruktion. Dieser Ansatz f\u00fchrt zu einer vibrationsfesten Struktur, welche sich ideal f\u00fcr den Einsatz im industriellen Schmiedebereich eignet.<\/p>\n\n\n\n<p>Magnetische Schwingf\u00f6rderer sind insofern einzigartig, dass die Einstellungen der Magnetvibratoren angepasst werden k\u00f6nnen. Diese Ger\u00e4te zeichnen sich durch eine kurze Ein-\/Aus-Zyklusfrequenz und eine punktgenaue Messgenauigkeit aus.<\/p>\n\n\n\n<p>Unter optimalen Bedingungen haben die Schwingf\u00f6rderer mit Magnetantrieb eine Materialtransportkapazit\u00e4t von bis zu 500 Tonnen pro Stunde. Die F\u00f6rderer von CYRUS Equipment haben ein kompaktes Design, bieten Vibrationsfrequenzen von 25 bis 50 Hertz und sind in hohem Ma\u00dfe anpassbar.<\/p>\n\n\n\n<p>Unsere F\u00f6rderer verf\u00fcgen nicht nur \u00fcber eine geringe Stellfl\u00e4che, sondern bieten auch einen sorgf\u00e4ltigen Materialumschlag. Sie haben eine geringe Aufstellfl\u00e4che, bieten eine l\u00e4ngere Lebensdauer und verursachen niedrige Betriebskosten.<\/p>\n\n\n\n<h4 class=\"wp-block-heading\"><strong>Schwingf\u00f6rderer mit Unwuchtantrieb<\/strong><\/h4>\n\n\n\n<p>Viele CYRUS-Kunden im Bereich Industrielles Schmieden bevorzugen unsere Schwingf\u00f6rderer mit Unwuchtantrieb. Diese Ger\u00e4te haben einen einfachen Baustil und k\u00f6nnen mit einer sehr einfachen Wartung betrieben werden. Schwingf\u00f6rderer k\u00f6nnen eine Vielzahl von Materialien transportieren, darunter Kn\u00fcppel (oft auch als Noppen oder Stangen bezeichnet), fertige Komponenten und andere Gegenst\u00e4nde.<\/p>\n\n\n\n<p>Unsere Schwingf\u00f6rderer mit Unwuchtantrieb werden eingesetzt, um Materialien auf kurzen Strecken zu transportieren. Das spezifische Design und die Konfiguration dieser F\u00f6rderer werden basierend auf Ihrem Verwendungszweck und Ihren Projektanforderungen ge\u00e4ndert. Diese Ger\u00e4te bieten nahezu unbegrenzte Anpassungen.<\/p>\n\n\n\n<p>Diese Schmiedef\u00f6rderer bieten einen hohen Wert und erfordern eine relativ geringe Anfangsinvestition. Die lange Lebensdauer, welche sie bieten, stellt sicher, dass Sie einen starken Return on Investment erzielen, ohne exorbitante Wartungskosten zu verursachen.<\/p>\n\n\n\n<h3 class=\"wp-block-heading\"><strong>Was unterscheidet CYRUS von anderen Anbietern?<\/strong><\/h3>\n\n\n\n<p>Bei CYRUS Equipment sch\u00e4tzen wir jeden einzelnen unserer Kunden. Wir verstehen, wie wichtig industrielle Schmiedemaschinen f\u00fcr Ihr Unternehmen sind, weshalb wir uns bem\u00fchen Ihr Vertrauen in uns zu w\u00fcrdigen, indem wir qualitativ hochwertige F\u00f6rderl\u00f6sungen liefern und un\u00fcbertroffenen Support bieten.<\/p>\n\n\n\n<p>Seit der Gr\u00fcndung von CYRUS Equipment vor fast 50 Jahren arbeiten wir unerm\u00fcdlich daran uns von anderen Anbietern von Schmiedemaschinen zu unterscheiden. CYRUS zeichnet sich aus durch unsere:<\/p>\n\n\n\n<h4 class=\"wp-block-heading\"><strong>Jahrzehntelange Erfahrung in der industriellen Schmiedeindustrie<\/strong><\/h4>\n\n\n\n<p>CYRUS Equipment hat buchst\u00e4blich Jahrzehnte damit verbracht, die Bed\u00fcrfnisse von Kunden zu erlernen, welche in Branchen wie Recycling, Gie\u00dferei und Metallurgie, Tierfutterverarbeitung, Rohstoffverarbeitung und nat\u00fcrlich Schmieden und W\u00e4rmebehandlung t\u00e4tig sind.<\/p>\n\n\n\n<p>In dieser Zeit ist unser Expertenteam sehr vielseitig geworden, wenn es darum geht L\u00f6sungen f\u00fcr unsere Kunden zu entwickeln. Sie verstehen die einzigartigen Herausforderungen, mit welchen Branchen, wie Ihre, t\u00e4glich konfrontiert sind.<\/p>\n\n\n\n<p>Wenn wir mit Ihnen zusammenarbeiten, um Ihnen bei der Auswahl des besten Equipments f\u00fcr Ihre Einrichtung zu helfen, kann unser Team diese F\u00fclle an Erfahrung nutzen. Selbst wenn Sie mit einem neuen und scheinbar \u201eeinzigartigen&#8220; Problem konfrontiert sind, besteht eine gute Chance, dass unsere Experten bereits auf ein \u00e4hnliches Szenario gesto\u00dfen sind.<\/p>\n\n\n\n<p>Als solche k\u00f6nnen sie zeitnah beraten und anleiten, damit Sie die beste Entscheidung f\u00fcr Ihr Unternehmen treffen k\u00f6nnen.<\/p>\n\n\n\n<p>Sie wissen wahrscheinlich aus erster Hand, dass es keinen Ersatz f\u00fcr Erfahrung gibt, wenn es um den industriellen Schmiedesektor geht. Deshalb ist CYRUS Equipment mit unserem versierten Team der ideale Partner f\u00fcr Ihr Unternehmen, wenn es um neue F\u00f6rderschmiedemaschinen geht.<\/p>\n\n\n\n<h4 class=\"wp-block-heading\"><strong>Umfangreiches Sortiment an Schmiedemaschinen<\/strong><\/h4>\n\n\n\n<p>Nur wenige Dinge sind frustrierender, als der Versuch ein F\u00f6rdernetzwerk aus einem Flickenteppich von Ger\u00e4ten zusammenzusetzen. Gl\u00fccklicherweise m\u00fcssen Sie bei einer Partnerschaft mit CYRUS Equipment dieses Albtraumszenario nicht erleben.<\/p>\n\n\n\n<p>Unser Equipment bietet eine ideale Kombination aus Qualit\u00e4t und Wertigkeit, so dass Sie Ihre \u00e4lteren Schmiedemaschinen durch moderne Alternativen ersetzen k\u00f6nnen. Wir verf\u00fcgen \u00fcber einen umfassenden Equipment-Katalog, welcher Lademaschinen, F\u00f6rderb\u00e4nder, Kipp-\/Hubvorrichtungen und vieles mehr umfasst.<\/p>\n\n\n\n<p>Um mehr zu erfahren, laden wir Sie ein, unseren Online-Equipment-Katalog zu durchzubl\u00e4ttern. Alternativ k\u00f6nnen Sie sich mit einem unserer Mitarbeiter in Verbindung setzen. Unser Team unterst\u00fctzt Sie gerne pers\u00f6nlich und hilft Ihnen, die Equipment-Pakete zu identifizieren, welche Ihren Bed\u00fcrfnissen entsprechen.<\/p>\n\n\n\n<h4 class=\"wp-block-heading\"><strong>Ma\u00dfgeschneiderte L\u00f6sungen<\/strong><\/h4>\n\n\n\n<p>CYRUS Equipment versteht, dass jeder Betrieb einzigartig ist \u2013 und damit auch deren Bed\u00fcrfnisse. Vor diesem Hintergrund w\u00e4re es praxisfern nur Maschinen \u201evon der Stange&#8220; anzubieten.<\/p>\n\n\n\n<p>Aus diesem Grund ist das gesamte Equipment-Sortiment von CYRUS Equipment in hohem Ma\u00dfe konfigurierbar. Wir k\u00f6nnen die meisten unserer Produkte \u00e4ndern oder modifizieren, um sie an die Anforderungen Ihrer Schmiedebetriebe anzupassen. Diese Anpassung gew\u00e4hrleistet Spitzenleistung und Effizienz, damit Ihre Einrichtung den Betrieb optimieren, die Produktivit\u00e4t verbessern und mehr Umsatz generieren kann.<\/p>\n\n\n\n<h4 class=\"wp-block-heading\"><strong>Wartungsarme, leise W\u00e4rmebehandlungsanlagen<\/strong><\/h4>\n\n\n\n<p>Alle unsere Schmiedemaschinen sind so konzipiert, dass sie die L\u00e4rmbel\u00e4stigung minimieren und eine einfache Wartung erm\u00f6glichen. Die Verringerung der L\u00e4rmbel\u00e4stigung f\u00fchrt zu einem sichereren Schmiedeumfeld. Sie verbessert die Kommunikationsf\u00e4higkeit Ihrer Mitarbeiter, was zu einer besseren Produktivit\u00e4t f\u00fchrt.<\/p>\n\n\n\n<p>In Bezug auf die Wartung hat jede CYRUS-Maschine eindeutige Wartungsprotokolle festgelegt. Unsere Mitarbeiter werden diese Informationen Ihrem Wartungspersonal bei der Lieferung Ihres Equipments zur Verf\u00fcgung stellen, um deren Lebensdauer zu maximieren. Kunden loben unsere Ger\u00e4te h\u00e4ufig f\u00fcr ihre Zuverl\u00e4ssigkeit und den minimalen Bedarf an invasiven oder st\u00f6renden Wartungsarbeiten.<\/p>\n\n\n\n<h4 class=\"wp-block-heading\"><strong>Un\u00fcbertroffener Kundenservice<\/strong><\/h4>\n\n\n\n<p>Einige Anbieter von Schmiedemaschinen lassen ihre Kunden im Stich, sobald das Equipment geliefert und die Zahlung eingegangen ist. CYRUS Equipment tut dies jedoch nicht.<\/p>\n\n\n\n<p>Wenn Sie Maschinen von CYRUS Equipment kaufen, sind Sie f\u00fcr Jahre mit unserer Marke verbunden. Wir glauben, dass Ihr Unternehmen das gleiche Ma\u00df an Engagement von uns verdient. Aus diesem Grund bieten wir eine fortlaufende Unterst\u00fctzung und Anleitung f\u00fcr die gesamte Lebensdauer Ihres Equipments.<\/p>\n\n\n\n<p>Egal, ob Sie eine Frage zur Equipment-Wartung haben, ein Problem mit Ihren Maschinen haben oder einfach nur eine allgemeine Anfrage stellen wollen, CYRUS Equipment steht Ihnen gerne zur Verf\u00fcgung.<\/p>\n\n\n\n<p>Wir bei CYRUS Equipment sind stolz auf unsere Handwerkskunst und Maschinenqualit\u00e4t. Deshalb stehen wir hinter unseren Produkten und den Kunden, welche sich bei der Durchf\u00fchrung ihrer industriellen Schmiedeprozesse auf sie verlassen.<\/p>\n\n\n\n<h3 class=\"wp-block-heading\"><strong>Kontaktieren Sie CYRUS bez\u00fcglich der Modernisierung Ihrer Schmiedemaschinen<\/strong><\/h3>\n\n\n\n<p>Als Werks- oder Organisationsleiter sind Sie daf\u00fcr verantwortlich, dass Ihre Anlage mit h\u00f6chster Effizienz arbeitet. Wenn Sie sich entscheiden, Ihre W\u00e4rmebehandlungsanlagen und Schmiedemaschinen zu modernisieren, ist es wichtig, dass Sie den richtigen Anbieter w\u00e4hlen.<\/p>\n\n\n\n<p>Die Auswahl des falschen Partners kann sich negativ auf Ihr Time-to-Value auswirken und Ihre Kapitalrendite verringern. Umgekehrt bietet ein erfahrener Anbieter von industriellen Schmiedemaschinen fortlaufende Unterst\u00fctzung, fachkundige Beratung und eine zeitnahe Antwort auf alle Anforderungen Ihres Unternehmens.<\/p>\n\n\n\n<p>Wenn es um Anbieter von industriellen Schmiedeanlagen geht, kann keine Organisation mit dem Know-how, der Support-Qualit\u00e4t, dem Wissen und der Maschinenqualit\u00e4t von CYRUS Equipment mithalten. Unser Team nimmt sich die Zeit, die Bed\u00fcrfnisse jedes Kunden zu verstehen, damit wir ihm helfen k\u00f6nnen die ideale L\u00f6sung zu finden.<\/p>\n\n\n\n<p>Das Equipment, welches wir bauen, ist wartungsarm, leise und effizient. Noch wichtiger ist, dass wir noch lange nach der ersten Transaktion hinter unseren Schmiedef\u00f6rderern und anderen Maschinen stehen.<\/p>\n\n\n\n<p>Wenn Ihr Unternehmen nach einem zuverl\u00e4ssigen und vertrauensw\u00fcrdigen Anbieter von W\u00e4rmebehandlungsanlagen und industriellen Schmiedemaschinen sucht, ist CYRUS Equipment die klare Wahl. Kontaktieren Sie uns noch heute, um mit einem Experten f\u00fcr Schmiedemaschinen zu sprechen.<\/p>\n\n\n\n<\/div>\n\n\n\n<div class=\"wp-block-buttons is-layout-flex wp-block-buttons-is-layout-flex\">\n<div class=\"wp-block-button read-more__buttons is-style-fill\"><a class=\"wp-block-button__link has-white-color has-text-color has-background wp-element-button\" style=\"background-color:#066bb1\">Read More<\/a><\/div>\n<\/div>\n","protected":false},"excerpt":{"rendered":"<p>Die Schmiedeindustrie hat als Zulieferer f\u00fcr die Automobilindustrie bis heute nichts an ihrer Bedeutung verloren. Zur Herstellung ihrer Produkte sind in zahlreichen Schmiedebetrieben unsere Schwing- und F\u00f6rderanlagen im Einsatz. Wenn es um die automatisierte Vereinzelung und lagerichtige Zuf\u00fchrung von unterschiedlichstem Rund- und Vierkantmaterial zum Erw\u00e4rmerofen geht, sind unsere hydraulischen Hub- und Kippvorrichtungen, Zuteilautomaten und Schwingf\u00f6rderrinnen &#8230; <a title=\"Schmiede und W\u00e4rmebehandlung\" class=\"read-more\" href=\"https:\/\/www.cyrusequipment.com\/de\/branchen\/schmiede\/\" aria-label=\"Read more about Schmiede und W\u00e4rmebehandlung\">Weiterlesen &#8230;<\/a><\/p>\n","protected":false},"author":2,"featured_media":228,"parent":697,"menu_order":0,"comment_status":"closed","ping_status":"closed","template":"","meta":{"_acf_changed":false,"footnotes":""},"class_list":["post-702","page","type-page","status-publish","has-post-thumbnail"],"acf":[],"_links":{"self":[{"href":"https:\/\/www.cyrusequipment.com\/de\/wp-json\/wp\/v2\/pages\/702","targetHints":{"allow":["GET"]}}],"collection":[{"href":"https:\/\/www.cyrusequipment.com\/de\/wp-json\/wp\/v2\/pages"}],"about":[{"href":"https:\/\/www.cyrusequipment.com\/de\/wp-json\/wp\/v2\/types\/page"}],"author":[{"embeddable":true,"href":"https:\/\/www.cyrusequipment.com\/de\/wp-json\/wp\/v2\/users\/2"}],"replies":[{"embeddable":true,"href":"https:\/\/www.cyrusequipment.com\/de\/wp-json\/wp\/v2\/comments?post=702"}],"version-history":[{"count":0,"href":"https:\/\/www.cyrusequipment.com\/de\/wp-json\/wp\/v2\/pages\/702\/revisions"}],"up":[{"embeddable":true,"href":"https:\/\/www.cyrusequipment.com\/de\/wp-json\/wp\/v2\/pages\/697"}],"wp:featuredmedia":[{"embeddable":true,"href":"https:\/\/www.cyrusequipment.com\/de\/wp-json\/wp\/v2\/media\/228"}],"wp:attachment":[{"href":"https:\/\/www.cyrusequipment.com\/de\/wp-json\/wp\/v2\/media?parent=702"}],"curies":[{"name":"wp","href":"https:\/\/api.w.org\/{rel}","templated":true}]}}