{"id":700,"date":"2021-04-03T03:41:17","date_gmt":"2021-04-03T08:41:17","guid":{"rendered":"https:\/\/www.cyrusequipment.com\/branchen\/futter-und-lebensmittel\/"},"modified":"2022-10-26T08:36:00","modified_gmt":"2022-10-26T13:36:00","slug":"futter-und-lebensmittel","status":"publish","type":"page","link":"https:\/\/www.cyrusequipment.com\/de\/branchen\/futter-und-lebensmittel\/","title":{"rendered":"Futter- und Lebensmittel"},"content":{"rendered":"\n<p>Dort, wo es um Kontroll-, Annahme-, Abrieb- und M\u00fchlenvorabsiebung von Futter- und Lebensmitteln geht, finden unsere Kreisschwingsiebe vielerlei Verwendung. Auf der Grundlage unseres umfangreichen Baukastensystems k\u00f6nnen wir die Maschinen individuell den Anforderungen entsprechend dimensionieren.<\/p>\n\n\n\n<p>Ob Ein-, Zwei- oder Dreideckausf\u00fchrung: Unsere langlebigen Siebmaschinen, bespannt mit Siebgeweben aus Feder- bzw. Edelstahl, umfassen alle Kategorien der Grob-, Mittel- und Feinabsiebung. Wo erforderlich, r\u00fcsten wir die Kreisschwingsiebe nach ATEX-Richtlinien (Zone 21) aus.<\/p>\n\n\n\n<p>Jede Siebmaschine bildet eine kompakte, solide Einheit. Unsere Maschinen sind ausgesprochen bedienungs- und wartungsfreundlich. Bei Einsatzstellen in kritischen Geb\u00e4udeteilen bieten wir unseren Kunden die zus\u00e4tzliche Ausr\u00fcstung mit Isolierrahmen an, um die \u00dcbertragung von Schwingungen auf die Umgebung weitgehend zu vermeiden.<\/p>\n\n\n\n<p>Eine Auswahl unserer Produkte, die vielfach im Bereich&nbsp;Futter- und Lebensmittel zum Einsatz kommen, finden Sie unten. Einen \u00dcberblick \u00fcber die gesamte CYRUS Produktpalette finden Sie&nbsp;<a title=\"Produkte\" href=\"https:\/\/www.cyrusequipment.com\/de\/produkte.html\">hier<\/a>.<\/p>\n\n\n \n<hr>\n<div id=\"content-grid-block_605c6501d1a3d\" class=\"content-grid\">\n\t<div class=\"grid\">\n\t\t<div class=\"item\">\n\t\t\t<div class=\"image\">\n\t\t\t\t<a href=\"https:\/\/www.cyrusequipment.com\/de\/produkt\/schwingfoerderer-mit-unwuchtantrieb\/\" title=\"Schwingf\u00f6rderer mit Unwuchtantrieb\">\n\t\t\t\t\t<img decoding=\"async\" src=\"https:\/\/media.cyrusequipment.com\/wp-content\/uploads\/2024\/12\/Cyrus-Feeder-Y00121-01-G01-edited-1-e1733757993935-480x315.png\" width=\"480\" height=\"315\" alt=\"Schwingf\u00f6rderer mit Unwuchtantrieb\">\n\t\t\t\t<\/a>\n\t\t\t<\/div>\n\t\t\t<div class=\"text\">\n\t\t\t\t\t<span class=\"title\">Schwingf\u00f6rderer mit Unwuchtantrieb<\/span>\n\t\t\t\t\t<span class=\"link\"><a href=\"https:\/\/www.cyrusequipment.com\/de\/produkt\/schwingfoerderer-mit-unwuchtantrieb\/\">Details<\/a><\/span>\n\t\t\t<\/div>\n\t\t<\/div>\n\n\t\t<div class=\"item\">\n\t\t\t<div class=\"image\">\n\t\t\t\t<a href=\"https:\/\/www.cyrusequipment.com\/de\/produkt\/schwingfoerderer-mit-magnetantrieb\/\" title=\"Schwingf\u00f6rderer mit Magnetantrieb\">\n\t\t\t\t\t<img decoding=\"async\" src=\"https:\/\/media.cyrusequipment.com\/wp-content\/uploads\/2021\/03\/update_0008_02_Schwingfoerderer-Magnetantrieb-480x315.jpg\" width=\"480\" height=\"315\" alt=\"Schwingf\u00f6rderer mit Magnetantrieb\">\n\t\t\t\t<\/a>\n\t\t\t<\/div>\n\t\t\t<div class=\"text\">\n\t\t\t\t\t<span class=\"title\">Schwingf\u00f6rderer mit Magnetantrieb<\/span>\n\t\t\t\t\t<span class=\"link\"><a href=\"https:\/\/www.cyrusequipment.com\/de\/produkt\/schwingfoerderer-mit-magnetantrieb\/\">Details<\/a><\/span>\n\t\t\t<\/div>\n\t\t<\/div>\n\n\t\t<div class=\"item\">\n\t\t\t<div class=\"image\">\n\t\t\t\t<a href=\"https:\/\/www.cyrusequipment.com\/de\/produkt\/schwingfoerderer-mit-schubkurbelantrieb\/\" title=\"Schwingf\u00f6rderer mit Schubkurbelantrieb\">\n\t\t\t\t\t<img decoding=\"async\" src=\"https:\/\/media.cyrusequipment.com\/wp-content\/uploads\/2021\/06\/Conveyor-test-Cyrus-480x315.png\" width=\"480\" height=\"315\" alt=\"Schwingf\u00f6rderer mit Schubkurbelantrieb\">\n\t\t\t\t<\/a>\n\t\t\t<\/div>\n\t\t\t<div class=\"text\">\n\t\t\t\t\t<span class=\"title\">Schwingf\u00f6rderer mit Schubkurbelantrieb<\/span>\n\t\t\t\t\t<span class=\"link\"><a href=\"https:\/\/www.cyrusequipment.com\/de\/produkt\/schwingfoerderer-mit-schubkurbelantrieb\/\">Details<\/a><\/span>\n\t\t\t<\/div>\n\t\t<\/div>\n\n\t\t<div class=\"item\">\n\t\t\t<div class=\"image\">\n\t\t\t\t<a href=\"https:\/\/www.cyrusequipment.com\/de\/produkt\/kreisschwingsieb\/\" title=\"Kreisschwingsieb\">\n\t\t\t\t\t<img decoding=\"async\" src=\"https:\/\/media.cyrusequipment.com\/wp-content\/uploads\/2021\/03\/update_0004_13_Kreisschwingsieb-480x315.jpg\" width=\"480\" height=\"315\" alt=\"Kreisschwingsieb\">\n\t\t\t\t<\/a>\n\t\t\t<\/div>\n\t\t\t<div class=\"text\">\n\t\t\t\t\t<span class=\"title\">Kreisschwingsieb<\/span>\n\t\t\t\t\t<span class=\"link\"><a href=\"https:\/\/www.cyrusequipment.com\/de\/produkt\/kreisschwingsieb\/\">Details<\/a><\/span>\n\t\t\t<\/div>\n\t\t<\/div>\n\n\t\t<div class=\"item\">\n\t\t\t<div class=\"image\">\n\t\t\t\t<a href=\"https:\/\/www.cyrusequipment.com\/de\/produkt\/linearschwingsieb\/\" title=\"Linearschwingsieb\">\n\t\t\t\t\t<img decoding=\"async\" src=\"https:\/\/media.cyrusequipment.com\/wp-content\/uploads\/2021\/03\/update_0003_14_Linearschwingsieb-480x315.jpg\" width=\"480\" height=\"315\" alt=\"Linearschwingsieb\">\n\t\t\t\t<\/a>\n\t\t\t<\/div>\n\t\t\t<div class=\"text\">\n\t\t\t\t\t<span class=\"title\">Linearschwingsieb<\/span>\n\t\t\t\t\t<span class=\"link\"><a href=\"https:\/\/www.cyrusequipment.com\/de\/produkt\/linearschwingsieb\/\">Details<\/a><\/span>\n\t\t\t<\/div>\n\t\t<\/div>\n\n\t<\/div>\n<\/div>","protected":false},"excerpt":{"rendered":"<p>Dort, wo es um Kontroll-, Annahme-, Abrieb- und M\u00fchlenvorabsiebung von Futter- und Lebensmitteln geht, finden unsere Kreisschwingsiebe vielerlei Verwendung. Auf der Grundlage unseres umfangreichen Baukastensystems k\u00f6nnen wir die Maschinen individuell den Anforderungen entsprechend dimensionieren. Ob Ein-, Zwei- oder Dreideckausf\u00fchrung: Unsere langlebigen Siebmaschinen, bespannt mit Siebgeweben aus Feder- bzw. Edelstahl, umfassen alle Kategorien der Grob-, Mittel- &#8230; <a title=\"Futter- und Lebensmittel\" class=\"read-more\" href=\"https:\/\/www.cyrusequipment.com\/de\/branchen\/futter-und-lebensmittel\/\" aria-label=\"Read more about Futter- und Lebensmittel\">Weiterlesen &#8230;<\/a><\/p>\n","protected":false},"author":2,"featured_media":223,"parent":697,"menu_order":0,"comment_status":"closed","ping_status":"closed","template":"","meta":{"_acf_changed":false,"footnotes":""},"class_list":["post-700","page","type-page","status-publish","has-post-thumbnail"],"acf":[],"_links":{"self":[{"href":"https:\/\/www.cyrusequipment.com\/de\/wp-json\/wp\/v2\/pages\/700","targetHints":{"allow":["GET"]}}],"collection":[{"href":"https:\/\/www.cyrusequipment.com\/de\/wp-json\/wp\/v2\/pages"}],"about":[{"href":"https:\/\/www.cyrusequipment.com\/de\/wp-json\/wp\/v2\/types\/page"}],"author":[{"embeddable":true,"href":"https:\/\/www.cyrusequipment.com\/de\/wp-json\/wp\/v2\/users\/2"}],"replies":[{"embeddable":true,"href":"https:\/\/www.cyrusequipment.com\/de\/wp-json\/wp\/v2\/comments?post=700"}],"version-history":[{"count":0,"href":"https:\/\/www.cyrusequipment.com\/de\/wp-json\/wp\/v2\/pages\/700\/revisions"}],"up":[{"embeddable":true,"href":"https:\/\/www.cyrusequipment.com\/de\/wp-json\/wp\/v2\/pages\/697"}],"wp:featuredmedia":[{"embeddable":true,"href":"https:\/\/www.cyrusequipment.com\/de\/wp-json\/wp\/v2\/media\/223"}],"wp:attachment":[{"href":"https:\/\/www.cyrusequipment.com\/de\/wp-json\/wp\/v2\/media?parent=700"}],"curies":[{"name":"wp","href":"https:\/\/api.w.org\/{rel}","templated":true}]}}