{"id":697,"date":"2021-04-03T03:29:07","date_gmt":"2021-04-03T08:29:07","guid":{"rendered":"https:\/\/www.cyrusequipment.com\/branchen\/"},"modified":"2024-02-05T10:44:18","modified_gmt":"2024-02-05T16:44:18","slug":"branchen","status":"publish","type":"page","link":"https:\/\/www.cyrusequipment.com\/de\/","title":{"rendered":"Branchen"},"content":{"rendered":"\n<h2 class=\"likeH1 wp-block-heading\">KREATIV, FLEXIBEL UND INNOVATIV<\/h2>\n\n\n\n<p>Schwingf\u00f6rdertechnik und Siebe sind seit mehr als 40 Jahren das Kerngesch\u00e4ft von CYRUS. Unsere Kunden profitieren von den Synergien einer breiten Erfahrung in Kombination mit einer Vielzahl von Anwendungen.<\/p>\n\n\n\n<p>Im Mittelpunkt unserer Entw\u00fcrfe stehen unsere vertrauensw\u00fcrdigen und standardisierten modularen Systemkomponenten und -module. Bei CYRUS finden Sie jedoch kein vorgefertigtes Katalogprogramm. Stattdessen wird jede Maschine an die Anforderungen Ihrer Produktionsprozesse angepasst.<\/p>\n\n\n \n<hr>\n<div id=\"content-grid-block_60547e95cfbf8\" class=\"content-grid\">\n\t<div class=\"grid\">\n\t\t<div class=\"item\">\n\t\t\t<div class=\"image\">\n\t\t\t\t<a href=\"https:\/\/www.cyrusequipment.com\/de\/branchen\/giesserei-und-metallurgie\/\" title=\"Gie\u00dferei und Metallurgi\">\n\t\t\t\t\t<img decoding=\"async\" src=\"https:\/\/media.cyrusequipment.com\/wp-content\/uploads\/2021\/03\/giessen-1-480x277.jpg\" width=\"480\" height=\"315\" alt=\"Gie\u00dferei und Metallurgi\">\n\t\t\t\t<\/a>\n\t\t\t<\/div>\n\t\t\t<div class=\"text\">\n\t\t\t\t\t<span class=\"title\">Gie\u00dferei und Metallurgi<\/span>\n\t\t\t\t\t<span class=\"link\"><a href=\"https:\/\/www.cyrusequipment.com\/de\/branchen\/giesserei-und-metallurgie\/\">Details<\/a><\/span>\n\t\t\t<\/div>\n\t\t<\/div>\n\n\t\t<div class=\"item\">\n\t\t\t<div class=\"image\">\n\t\t\t\t<a href=\"https:\/\/www.cyrusequipment.com\/de\/branchen\/schmiede\/\" title=\"Schmiede und W\u00e4rmebehandlung\">\n\t\t\t\t\t<img decoding=\"async\" src=\"https:\/\/media.cyrusequipment.com\/wp-content\/uploads\/2021\/03\/header_schmiede-480x277.jpg\" width=\"480\" height=\"315\" alt=\"Schmiede und W\u00e4rmebehandlung\">\n\t\t\t\t<\/a>\n\t\t\t<\/div>\n\t\t\t<div class=\"text\">\n\t\t\t\t\t<span class=\"title\">Schmiede und W\u00e4rmebehandlung<\/span>\n\t\t\t\t\t<span class=\"link\"><a href=\"https:\/\/www.cyrusequipment.com\/de\/branchen\/schmiede\/\">Details<\/a><\/span>\n\t\t\t<\/div>\n\t\t<\/div>\n\n\t\t<div class=\"item\">\n\t\t\t<div class=\"image\">\n\t\t\t\t<a href=\"https:\/\/www.cyrusequipment.com\/de\/branchen\/recycling\/\" title=\"Recycling\">\n\t\t\t\t\t<img decoding=\"async\" src=\"https:\/\/media.cyrusequipment.com\/wp-content\/uploads\/2021\/03\/recycling-480x277.jpg\" width=\"480\" height=\"315\" alt=\"Recycling\">\n\t\t\t\t<\/a>\n\t\t\t<\/div>\n\t\t\t<div class=\"text\">\n\t\t\t\t\t<span class=\"title\">Recycling<\/span>\n\t\t\t\t\t<span class=\"link\"><a href=\"https:\/\/www.cyrusequipment.com\/de\/branchen\/recycling\/\">Details<\/a><\/span>\n\t\t\t<\/div>\n\t\t<\/div>\n\n\t\t<div class=\"item\">\n\t\t\t<div class=\"image\">\n\t\t\t\t<a href=\"https:\/\/www.cyrusequipment.com\/de\/branchen\/rohstoffe-und-grundstoffe\/\" title=\"Rohstoffe und Grundstoffe\">\n\t\t\t\t\t<img decoding=\"async\" src=\"https:\/\/media.cyrusequipment.com\/wp-content\/uploads\/2021\/03\/rohstoffe-480x277.jpg\" width=\"480\" height=\"315\" alt=\"Rohstoffe und Grundstoffe\">\n\t\t\t\t<\/a>\n\t\t\t<\/div>\n\t\t\t<div class=\"text\">\n\t\t\t\t\t<span class=\"title\">Rohstoffe und Grundstoffe<\/span>\n\t\t\t\t\t<span class=\"link\"><a href=\"https:\/\/www.cyrusequipment.com\/de\/branchen\/rohstoffe-und-grundstoffe\/\">Details<\/a><\/span>\n\t\t\t<\/div>\n\t\t<\/div>\n\n\t\t<div class=\"item\">\n\t\t\t<div class=\"image\">\n\t\t\t\t<a href=\"https:\/\/www.cyrusequipment.com\/de\/branchen\/futter-und-lebensmittel\/\" title=\"Futter- und Lebensmittel\">\n\t\t\t\t\t<img decoding=\"async\" src=\"https:\/\/media.cyrusequipment.com\/wp-content\/uploads\/2021\/03\/header_futtermittel-480x277.jpg\" width=\"480\" height=\"315\" alt=\"Futter- und Lebensmittel\">\n\t\t\t\t<\/a>\n\t\t\t<\/div>\n\t\t\t<div class=\"text\">\n\t\t\t\t\t<span class=\"title\">Futter- und Lebensmittel<\/span>\n\t\t\t\t\t<span class=\"link\"><a href=\"https:\/\/www.cyrusequipment.com\/de\/branchen\/futter-und-lebensmittel\/\">Details<\/a><\/span>\n\t\t\t<\/div>\n\t\t<\/div>\n\n\t<\/div>\n<\/div>\n\n\n<div style=\"height:30px\" aria-hidden=\"true\" class=\"wp-block-spacer\"><\/div>\n\n\n\n<h1 class=\"wp-block-heading\">CYRUS Equipment: Industrielle Prozessmaschinen<\/h1>\n\n\n\n<p>Seit \u00fcber vier Jahrzehnten beliefert CYRUS Unternehmen in einer Vielzahl von Branchen mit hochmoderner Schwingf\u00f6rdertechnik und anderen industriellen Prozessmaschinen.<\/p>\n\n\n\n<p>Unser Ingenieurteam verf\u00fcgt \u00fcber das Wissen, die Erfahrung und die Kreativit\u00e4t, welche notwendig sind, um unsere industriellen F\u00f6rderanlagen an die Bed\u00fcrfnisse jedes Betriebs anzupassen.<\/p>\n\n\n\n<p>Im Gegensatz zu anderen Anbietern ist CYRUS nicht auf vorgefertigte Produktkataloge angewiesen. Stattdessen arbeiten wir mit unseren Kunden zusammen, um ma\u00dfgeschneiderte Maschinen in \u00dcbereinstimmung mit den einzigartigen Anforderungen ihrer beabsichtigten Anwendung zu erstellen.<\/p>\n\n\n\n<p>Die Kombination aus diesem Ansatz und unserem unersch\u00fctterlichen Engagement f\u00fcr unsere Kunden hat CYRUS Equipment zu einer der vertrauensw\u00fcrdigsten Marken der Welt gemacht.<\/p>\n\n\n\n<div class=\"read-more__contents\">\n\n\n\n<h3 class=\"wp-block-heading\">Was wir tun<\/h3>\n\n\n\n<p>W\u00e4hrend CYRUS vor allem f\u00fcr die Herstellung hochwertiger Schwingf\u00f6rderer bekannt ist, bieten wir eine breite Palette von Maschinen an. Wir sind der Ansprechpartner f\u00fcr Werksleiter, welche wartungsarme, zuverl\u00e4ssige Maschinen wie Ofenbeschickungsmaschinen, Industrief\u00f6rderer, Brecher und viele andere L\u00f6sungen ben\u00f6tigen.<\/p>\n\n\n\n<p>Mit unserer Ausr\u00fcstung und unserem Support k\u00f6nnen Industrieanlagen effizienter arbeiten, die Betriebskosten gesenkt werden und Sie k\u00f6nnen fortlaufende Unterst\u00fctzung erhalten, um ihre Anlagen auf einem Spitzenniveau zu halten.<\/p>\n\n\n\n<p>CYRUS ist seit \u00fcber 46 Jahren in Betrieb. In dieser Zeit haben unsere Mitarbeiter wertvolle Erfahrungen gesammelt und hatten die M\u00f6glichkeit unz\u00e4hlige Kunden aus verschiedenen Branchen zu betreuen. Diese Erfahrung macht unsere Mitarbeiter auf eine einzigartige Weise geeignet, um die Bed\u00fcrfnisse Ihres Unternehmens zu erf\u00fcllen.<\/p>\n\n\n\n<h2 class=\"wp-block-heading\">Die Produktpalette von CYRUS <\/h2>\n\n\n\n<p>Alle CYRUS Produkte sind bekannt f\u00fcr ihre unvergleichliche Qualit\u00e4t, haltbare Designs und un\u00fcbertroffene Zuverl\u00e4ssigkeit. Bei CYRUS verstehen wir, dass Sie Ihre Industrief\u00f6rderer und andere Maschinen ben\u00f6tigen, um mit h\u00f6chster Effizienz zu arbeiten, um Ihre Produktionsziele zu erreichen.<\/p>\n\n\n\n<p>Im Laufe der Jahre hat CYRUS kontinuierlich daran gearbeitet, unsere Produktpalette zu erweitern und zu verfeinern, damit wir unsere gesch\u00e4tzten Kunden besser bedienen k\u00f6nnen. Derzeit bieten wir eine dynamische Palette von industriellen Prozessmaschinen an, die alle haltbare Designmerkmale und eine \u00fcberlegene Anpassung aufweisen.<\/p>\n\n\n\n<p>Zu der Produktpalette von CYRUS geh\u00f6rt:<\/p>\n\n\n\n<h3 class=\"wp-block-heading\">Schwingf\u00f6rderer<\/h3>\n\n\n\n<p>Die F\u00f6rderer von CYRUS nutzen die neueste Schwingf\u00f6rdertechnologie, um Produkte effektiv zu handhaben. Wir haben mehrere verschiedene F\u00f6rdererdesigns, von denen jedes einzigartige Vorteile und Funktionen bietet. Zu den von uns angebotenen F\u00f6rdervarianten geh\u00f6ren:<\/p>\n\n\n\n<ul class=\"wp-block-list\"><li>Schwingf\u00f6rderer mit Magnetantrieb<\/li><li>Schwingf\u00f6rderer mit Schubkurbelantrieb<\/li><li>Vorfeldf\u00f6rderer<\/li><li>Schwingf\u00f6rderer mit Unwuchtantrieb<\/li><\/ul>\n\n\n\n<p>Unsere mit Magnetantrieb ausgestatteten F\u00f6rderer sind besonders beliebt wenn der Platz knapp ist. Diese Produkte haben einen geringen Platzbedarf und k\u00f6nnen eine breite Palette von Materialien sorgf\u00e4ltig handhaben. Sie bieten auch hochpr\u00e4zise Messfunktionen.<\/p>\n\n\n\n<p>CYRUS-F\u00f6rderer mit Schubkurbelantrieb bieten Kunden eine Option mit geringem Platzbedarf. Diese Maschinen sind bekannt f\u00fcr ihre lange Lebensdauer, niedrige Betriebskosten und au\u00dfergew\u00f6hnliche Haltbarkeit.<\/p>\n\n\n\n<p>Wenn Ihr Unternehmen eine flexiblere Option ben\u00f6tigt, die selbst den h\u00e4rtesten Anwendungen standh\u00e4lt, dann sind unsere Schwingf\u00f6rderer mit Unwuchtantrieb m\u00f6glicherweise die ideale L\u00f6sung.<\/p>\n\n\n\n<p>Wir bieten unz\u00e4hlige Variationen dieser Maschinen an, um den spezifischen Anforderungen Ihres Unternehmens gerecht zu werden. Wie bei allen Maschinen von CYRUS haben diese Maschinen einen hervorragenden Ruf f\u00fcr die Minimierung der Betriebskosten und f\u00fcr deren Zuverl\u00e4ssigkeit.<\/p>\n\n\n\n<h3 class=\"wp-block-heading\">Industrielle Prozessmaschinen<\/h3>\n\n\n\n<p>Trotz der Tatsache, dass CYRUS vor allem f\u00fcr seine erstklassigen Schwingf\u00f6rderer bekannt ist, stellen unsere Fachleute auch viele andere Arten von industriellen Prozessmaschinen her. Beispiele hierf\u00fcr sind:<\/p>\n\n\n\n<ul class=\"wp-block-list\"><li>Vibrations-Knollenbrecher<\/li><li>Vibrationstische<\/li><li>Ausschlagroste<\/li><li>Weichrinnen<\/li><li>Vibralift Senkrechtf\u00f6rderer<\/li><li>Trennrinnen<\/li><\/ul>\n\n\n\n<p>Unsere F\u00fclle an Optionen erm\u00f6glicht es Ihnen, Ihren gesamten Betrieb mit Produkten von CYRUS zu gestalten. Wenn Sie den Erfolg Ihres Betriebs einem seri\u00f6sen Anbieter wie CYRUS anvertrauen, ebnen Sie den Weg f\u00fcr reduzierte Betriebskosten und optimierte Effizienz.<\/p>\n\n\n\n<h3 class=\"wp-block-heading\">Kreisschwingsieb<\/h3>\n\n\n\n<p>Wie alle Produkte von CYRUS verf\u00fcgen auch unsere Kreisschwingsiebe \u00fcber zahlreiche modulare Bauelemente. Diese Konstruktion bedeutet, dass die Anpassungsm\u00f6glichkeiten praktisch endlos sind. Unsere Experten k\u00f6nnen unser standardm\u00e4\u00dfiges Kreisschwingsiebdesign modifizieren, um Ihrer spezifischen zuk\u00fcnftigen Anwendung gerecht zu werden.<\/p>\n\n\n\n<p>Diese Schwingsiebe weisen eine au\u00dfergew\u00f6hnlich hohe Verschlei\u00dffestigkeit und einen signifikanten Durchsatz auf. Unter Spitzenbedingungen haben CYRUS Kreisschwingsiebe eine Durchsatzleistung von bis zu 500 Kubikmetern pro Stunde.<\/p>\n\n\n\n<p>Das Entwicklungsteam von CYRUS kann auch Ihr Kreisschwingsieb so modifizieren, dass es vollst\u00e4ndig staubdicht ist, wenn dies f\u00fcr Ihre zuk\u00fcnftige Anwendung erforderlich ist.<\/p>\n\n\n\n<h3 class=\"wp-block-heading\">Fahrbare Chargiermaschinen<\/h3>\n\n\n\n<p>Neben Schwingf\u00f6rderern und Zuteilautomaten stellt CYRUS auch einige der zuverl\u00e4ssigsten fahrbaren Chargiermaschinen der Branche her.<\/p>\n\n\n\n<p>Unsere anpassbaren Chargiermaschinen umfassen eine elektrische Steuerung, einen Schwingf\u00f6rderer, einen Beh\u00e4lter und ein Fahrwerk. Diese schienengest\u00fctzten Maschinen k\u00f6nnen quer, l\u00e4ngs oder in einer Kombination beider Richtungen fahren.<\/p>\n\n\n\n<p>Bei Bedarf k\u00f6nnen die CYRUS Ingenieure einen semifahrbaren Tragrahmen an Ihrer Chargiermaschine befestigen. Diese optionale Funktion erm\u00f6glicht es Ihnen, Ihre Chargiermaschine einfach mit einem Gabelstapler zu bewegen, was die Gesamtvielseitigkeit Ihrer fahrbaren Chargiermaschine von CYRUS erh\u00f6ht.<\/p>\n\n\n\n<p>Wie bei allen Maschinen von CYRUS sind unsere fahrbaren Chargiermaschinen auf Langlebigkeit ausgelegt. Diese Maschinen zeichnen sich durch ein robustes geschwei\u00dftes und verschraubtes Design aus, um die Anforderungen von Einrichtungen wie Schmelzwerken zu erf\u00fcllen.<\/p>\n\n\n\n<p>Unsere fahrbaren Chargiermaschinen verf\u00fcgen au\u00dferdem \u00fcber ein einzigartiges Konstruktionsprofil und schwingungsarme Motoren mit niedriger Drehzahl, um die L\u00e4rmbel\u00e4stigung w\u00e4hrend des Betriebs zu minimieren.<\/p>\n\n\n\n<h2 class=\"wp-block-heading\">Wen wir betreuen<\/h2>\n\n\n\n<p>CYRUS hat Erfahrung in der Zusammenarbeit mit Verarbeitungsanlagen in einer Vielzahl von Sektoren, darunter:<\/p>\n\n\n\n<h3 class=\"wp-block-heading\">Gie\u00dferei und Metallurgie<\/h3>\n\n\n\n<p>Unsere CYRUS Schwingf\u00f6rderer und Zuf\u00fchrungseinrichtungen sind ein Favorit in der Gie\u00dferei- und Metallurgie-Branche. Wir sind ein langj\u00e4hriger Partner f\u00fcr zahlreiche Unternehmen, welche in dieser Branche t\u00e4tig sind, da sie zuverl\u00e4ssige und langlebige L\u00f6sungen ben\u00f6tigen, welche extremen Hitzeumgebungen standhalten.<\/p>\n\n\n\n<p>CYRUS beliefert Kunden in diesem Bereich mit Maschinen und Anlagen, darunter:<\/p>\n\n\n\n<ul class=\"wp-block-list\"><li>Vibralift \u2013 Senkrechtf\u00f6rderer<\/li><li>Formsand-R\u00fcckgewinnungsanlagen<\/li><li>K\u00fchlrinnen<\/li><li>Ausschlagroste<\/li><li>Fahrbare Chargiermaschinen<\/li><\/ul>\n\n\n\n<p>Kunden, welche in dieser Branche t\u00e4tig sind, sch\u00e4tzen CYRUS aufgrund unserer F\u00e4higkeit, ihnen ma\u00dfgeschneiderte L\u00f6sungen anzubieten, die auf unseren bew\u00e4hrten Designs basieren.<\/p>\n\n\n\n<h3 class=\"wp-block-heading\">Schmiede und W\u00e4rmebehandlung<\/h3>\n\n\n\n<p>Schmiedebetriebe produzieren eine Vielzahl von Komponenten f\u00fcr Automobilunternehmen auf der ganzen Welt. Wenn diese Betriebe Maschinen ben\u00f6tigen, wenden sie sich h\u00e4ufig an CYRUS aufgrund unserer Branchenexpertise und unseres Rufs, einen un\u00fcbertroffenen Kundenservice zu bieten.<\/p>\n\n\n\n<p>Insbesondere Schmiede- und W\u00e4rmebehandlungsbetriebe verlassen sich auf unsere hydraulischen Hub- und Kippvorrichtungen, Zuteilautomaten und Schwingf\u00f6rderer, die ihre \u00d6fen effizient versorgen.<\/p>\n\n\n\n<p>CYRUS bietet Kunden in diesem Bereich nicht nur die modernsten Maschinen, sondern bietet auch kompetente Beratungsdienstleistungen an. Unsere Ingenieure und andere Experten arbeiten Hand in Hand mit unseren Kunden zusammen, um ihnen zu helfen, L\u00f6sungen zu finden, die ihren Bed\u00fcrfnissen am besten entsprechen.<\/p>\n\n\n\n<h3 class=\"wp-block-heading\">Recycling<\/h3>\n\n\n\n<p>Viele Kunden von CYRUS sind in der Recyclingbranche t\u00e4tig. Betriebsleiter wenden sich an CYRUS als vertrauensw\u00fcrdige Quelle f\u00fcr Schwingf\u00f6rderer und Zuteilautomaten.<\/p>\n\n\n\n<p>Unsere innovativen F\u00f6rderer k\u00f6nnen mit integrierter Schmutz-Absiebung ausgestattet werden, welche nichtmagnetische und magnetische Materialien effizient trennen k\u00f6nnen. Wir bieten auch station\u00e4re und schwenkbare Stahlplattenb\u00e4nder an, welche den zerkleinerten Schrott konsequent in Transportfahrzeuge oder Lagerbereiche f\u00fchren.<\/p>\n\n\n\n<p>Zus\u00e4tzlich zu unseren Schwingf\u00f6rderern sind Recyclinganlagen oft auf unsere Linearschwingsieb- und Kreisschwingsiebmaschinen angewiesen.<\/p>\n\n\n\n<p>Diese Maschinen k\u00f6nnen an die spezifischen Anforderungen jeder Recyclinganlage angepasst werden. Der Winkel und die Funktionalit\u00e4t unserer Siebmaschinen k\u00f6nnen ebenfalls eingestellt werden, wodurch Kunden optimale Siebergebnisse erzielen k\u00f6nnen.<\/p>\n\n\n\n<h3 class=\"wp-block-heading\">Futter und Lebensmittel<\/h3>\n\n\n\n<p>W\u00e4hrend CYRUS in erster Linie Unternehmen bedient, welche in den Bereichen Recycling und Gie\u00dferei t\u00e4tig sind, k\u00f6nnen auch Tierfutterverarbeitungsbetriebe die Vorteile unserer hochwertigen Verarbeitungsl\u00f6sungen nutzen. Insbesondere Futtermittelverarbeiter wenden sich h\u00e4ufig an unsere Kreisschwingsiebmaschinen, um Lebensmittel effizient zu sortieren.<\/p>\n\n\n\n<p>Das Ingenieur- und Designteam von CYRUS kann unser modulares Design an die Bed\u00fcrfnisse jeder Tierverarbeitungsanlage anpassen. Wir k\u00f6nnen unseren Kunden unserer Kreisschwingsiebe in Varianten in ein-, zwei- oder dreieckiger Ausf\u00fchrung anbieten.<\/p>\n\n\n\n<p>Jede Maschine ist mit extrem strapazierf\u00e4higen Siebgeweben wie Edelstahl oder Federstahl ausgestattet. Die Maschine kann je nach den vom Kunden angegebenen Spezifikationen f\u00fcr die Grob-, Mittel- oder Feinsiebung verwendet werden.<\/p>\n\n\n\n<p>Die Siebmaschinen, die wir unseren Kunden aus der Tierfutterverarbeitung zur Verf\u00fcgung stellen, sind kompakt, gut konstruiert und einfach zu warten. Unsere Siebger\u00e4te sind eine attraktive Option f\u00fcr Werkbesitzer und -manager, da die Maschinen f\u00fcr ihre niedrigen Betriebskosten und benutzerfreundliche Steuerung bekannt sind.<\/p>\n\n\n\n<h3 class=\"wp-block-heading\">Rohstoffverarbeitungsunternehmen <\/h3>\n\n\n\n<p>Die Wurzeln von CYRUS f\u00fchren auf die Salzgewinnung, die Steine\/Erden-Industrie und den Bergbau zur\u00fcck. Als solches sind wir ein vertrauensw\u00fcrdiger Maschinenlieferant f\u00fcr Rohstoffverarbeitungsunternehmen auf der ganzen Welt. Unsere Schwingf\u00f6rderer und andere Maschinen k\u00f6nnen zuverl\u00e4ssig Sch\u00fcttg\u00fcter wie Kohle, Salz, Sand, Kies und Erze verarbeiten.<\/p>\n\n\n\n<p>Moderne Maschinen von CYRUS k\u00f6nnen einen effizienteren Sieb-, Sortier- und Trennprozess erm\u00f6glichen. Dies wiederum erm\u00f6glicht es den Rohstoffverarbeitungsanlagen, die Gesamtleistung zu optimieren und die Produktivit\u00e4t zu maximieren.<\/p>\n\n\n\n<p>Als zus\u00e4tzlichen Vorteil kann die un\u00fcbertroffene Zuverl\u00e4ssigkeit unserer Maschinen dazu beitragen, das Risiko von Ausfallzeiten zu minimieren und es den Werksleitern zu erm\u00f6glichen, festgelegte Bearbeitungstermine einzuhalten.<\/p>\n\n\n\n<h2 class=\"wp-block-heading\">Der CYRUS Unterschied<\/h2>\n\n\n\n<p>Wir bei CYRUS verstehen wie viel auf dem Spiel steht, wenn Sie sich f\u00fcr einen Partner f\u00fcr industrielle Prozessmaschinen entscheiden. Deshalb bem\u00fchen wir uns, unseren gesch\u00e4tzten Kunden eine Erfahrung zu bieten, die ihresgleichen sucht.<\/p>\n\n\n\n<p>Dieser Kundenservice-Fokus ist der Grund, warum sich Werksleiter und Gesch\u00e4ftsinhaber in verschiedenen Verarbeitungssektoren immer wieder f\u00fcr eine Partnerschaft mit CYRUS entscheiden, wenn sie zuverl\u00e4ssige, ma\u00dfgeschneiderte L\u00f6sungen ben\u00f6tigen.<\/p>\n\n\n\n<p>Wenn Sie eine Partnerschaft mit CYRUS eingehen, haben Sie Zugriff auf:<\/p>\n\n\n\n<h3 class=\"wp-block-heading\">Weltklasse Maschinen <\/h3>\n\n\n\n<p>Wenn Ihre Schwingf\u00f6rderer und andere industrielle Prozessmaschinen nicht wie vorgesehen funktionieren, ist nichts anderes wichtig. Aus diesem Grund ist CYRUS st\u00e4ndig auf der Suche nach M\u00f6glichkeiten unsere Produkte zu verbessern, um ihre Haltbarkeit und Zuverl\u00e4ssigkeit weiter zu verbessern. Davon abgesehen umfasst unser aktuelles Sortiment einige der langlebigsten Maschinen in der Produktion.<\/p>\n\n\n\n<p>Unsere F\u00f6rderer und andere Maschinen sind nicht nur auf Langlebigkeit ausgelegt, sondern haben auch extrem niedrige Betriebskosten. Zusammengenommen haben diese Eigenschaften Maschinen von CYRUS zum Eckpfeiler erfolgreicher Verarbeitungsvorg\u00e4nge auf der ganzen Welt gemacht.<\/p>\n\n\n\n<h3 class=\"wp-block-heading\">Anpassbare industrielle Prozessmaschinen<\/h3>\n\n\n\n<p>Die Maschinen von CYRUS sind nicht nur einfach zu warten, einfach zu bedienen und extrem langlebig, sondern auch in hohem Ma\u00dfe anpassbar. Im Gegensatz zu \u00e4hnlichen Maschinenherstellern verwendet CYRUS kein vorgefertigtes Katalogsystem, um seine Maschinen zu verkaufen. Wir erstellen jede Bestellung individuell auf der Grundlage der von Ihnen angegebenen Spezifikationen.<\/p>\n\n\n\n<p>Wir verwenden unsere bew\u00e4hrten modularen Designs als Rahmen f\u00fcr jeden kundenspezifischen Bau, um den Herstellungsprozess zu beschleunigen. Unser erfahrenes und talentiertes Ingenieurteam kann jedoch alle vorhandenen Konstruktionspl\u00e4ne \u00e4ndern, um sie an Ihre zuk\u00fcnftige Anwendung anzupassen.<\/p>\n\n\n\n<h3 class=\"wp-block-heading\">Eine F\u00fclle von Schwingungs-Know-how<\/h3>\n\n\n\n<p>Mit \u00fcber vierzig Jahren Erfahrung baut CYRUS einige der leisesten und vielseitigsten Schwingf\u00f6rderer auf dem Markt. Wir haben diese Erfahrung auch auf unsere anderen Maschinen \u00fcbertragen, um unseren Kunden wirklich innovative Maschinen zur Verf\u00fcgung zu stellen, welche die Erwartungen \u00fcbertreffen.<\/p>\n\n\n\n<p>Unser Team hat Kunden in den wichtigsten verarbeitenden Industrien bedient, darunter Recycling, Gie\u00dferei und Metallurgie sowie Rohstoffe und Grundstoffe. Wenn Sie auf der Suche nach einem Partner sind, welcher die Anforderungen Ihrer Branche versteht, sind Sie bei CYRUS genau richtig.<\/p>\n\n\n\n<h3 class=\"wp-block-heading\">Fortw\u00e4hrender Support <\/h3>\n\n\n\n<p>Als Werksleiter wissen Sie, dass viel zu viele Anbieter jeglichen Support zur\u00fcckziehen, sobald Ihre Produkte ausgeliefert und installiert sind. Sie werden dieses Problem nicht haben, wenn Sie mit CYRUS zusammenarbeiten.<\/p>\n\n\n\n<p>Bei CYRUS stehen wir hinter unseren Produkten und wollen Ihr Partner f\u00fcr industrielle Prozessmaschinen f\u00fcrs Leben sein. Wir sorgen daf\u00fcr, dass Sie die Unterst\u00fctzung erhalten, die Sie ben\u00f6tigen, um eine optimale Kapitalrendite auf Ihre CYRUS Produkte zu erzielen.<\/p>\n\n\n\n<h2 class=\"wp-block-heading\">CYRUS erf\u00fcllt Ihre Anforderungen an industrielle Prozessmaschinen <\/h2>\n\n\n\n<p>Unabh\u00e4ngig davon, ob Sie vorhandene Maschinen ersetzen oder Schwingf\u00f6rderoptionen f\u00fcr eine neue Verarbeitungsanlage erkunden m\u00f6chten, m\u00fcssen Sie den richtigen Partner f\u00fcr den Auftrag w\u00e4hlen.<\/p>\n\n\n\n<p>Wettbewerber k\u00f6nnen einfach nicht mit dem Niveau der Branchenexpertise, des Kundensupports oder der Produktqualit\u00e4t von CYRUS mithalten. Unser Expertenteam kann Sie mit den idealen Maschinen von CYRUS f\u00fcr Ihre spezifischen Schmerzpunkte zusammenbringen.<\/p>\n\n\n\n<p>Sobald Sie herausgefunden haben, welche Produkte von CYRUS Sie ben\u00f6tigen, kann einer unserer erfahrenen Ingenieurprofis Ihren Industrief\u00f6rderer und andere Maschinen anpassen, um sicherzustellen, dass sie die Erwartungen \u00fcbertreffen.<\/p>\n\n\n\n<p>Um mehr zu erfahren, laden wir Sie ein die Produktpalette von CYRUS zu erkunden. F\u00fcr eine pers\u00f6nlichere Unterst\u00fctzung k\u00f6nnen Sie unser Team direkt per Telefon oder E-Mail kontaktieren. Sie k\u00f6nnen auch ein Kontaktformular ausf\u00fcllen, und einer unserer Kundendienstmitarbeiter wird sich umgehend mit Ihnen in Verbindung setzen.<\/p>\n\n\n\n<\/div>\n\n\n\n<div class=\"wp-block-buttons is-layout-flex wp-block-buttons-is-layout-flex\">\n<div class=\"wp-block-button read-more__buttons is-style-fill\"><a class=\"wp-block-button__link has-white-color has-text-color has-background\" style=\"background-color:#066bb1\">Read More<\/a><\/div>\n<\/div>\n\n\n\n<div class=\"wp-block-group alignfull has-text-color has-background\" style=\"background-color:#ffffff;color:#000000\"><div class=\"wp-block-group__inner-container is-layout-flow wp-block-group-is-layout-flow\">\n<div style=\"height:64px\" aria-hidden=\"true\" class=\"wp-block-spacer\"><\/div>\n\n\n\n<p class=\"has-text-align-center has-small-font-size\" style=\"line-height:.9\">Werde teil unseres Teams<\/p>\n\n\n\n<h2 class=\"has-text-align-center wp-block-heading\" id=\"schedule-a-visit\" style=\"font-size:59px;line-height:1.15\"><strong>Bewerben sie sich heute<\/strong><\/h2>\n\n\n\n<div class=\"wp-block-buttons is-horizontal is-content-justification-center is-layout-flex wp-container-core-buttons-is-layout-499968f5 wp-block-buttons-is-layout-flex\">\n<div class=\"wp-block-button has-custom-width wp-block-button__width-50\" id=\"https:\/\/www.cyrusequipment.com\/de\/stellenangebote\/\"><a class=\"wp-block-button__link has-text-color has-background\" href=\"https:\/\/www.cyrusequipment.com\/de\/stellenangebote\/\" style=\"border-radius:50px;background-color:#000000;color:#ffffff\" target=\"_blank\" rel=\"https:\/\/www.cyrusequipment.com\/de\/stellenangebote\/ noopener\">Stellenangebot anzeigen<\/a><\/div>\n<\/div>\n\n\n\n<div style=\"height:64px\" aria-hidden=\"true\" class=\"wp-block-spacer\"><\/div>\n<\/div><\/div>\n","protected":false},"excerpt":{"rendered":"<p>KREATIV, FLEXIBEL UND INNOVATIV Schwingf\u00f6rdertechnik und Siebe sind seit mehr als 40 Jahren das Kerngesch\u00e4ft von CYRUS. Unsere Kunden profitieren von den Synergien einer breiten Erfahrung in Kombination mit einer Vielzahl von Anwendungen. Im Mittelpunkt unserer Entw\u00fcrfe stehen unsere vertrauensw\u00fcrdigen und standardisierten modularen Systemkomponenten und -module. Bei CYRUS finden Sie jedoch kein vorgefertigtes Katalogprogramm. Stattdessen &#8230; <a title=\"Branchen\" class=\"read-more\" href=\"https:\/\/www.cyrusequipment.com\/de\/\" aria-label=\"Read more about Branchen\">Weiterlesen &#8230;<\/a><\/p>\n","protected":false},"author":2,"featured_media":0,"parent":0,"menu_order":0,"comment_status":"closed","ping_status":"closed","template":"","meta":{"_acf_changed":false,"footnotes":""},"class_list":["post-697","page","type-page","status-publish"],"acf":[],"_links":{"self":[{"href":"https:\/\/www.cyrusequipment.com\/de\/wp-json\/wp\/v2\/pages\/697","targetHints":{"allow":["GET"]}}],"collection":[{"href":"https:\/\/www.cyrusequipment.com\/de\/wp-json\/wp\/v2\/pages"}],"about":[{"href":"https:\/\/www.cyrusequipment.com\/de\/wp-json\/wp\/v2\/types\/page"}],"author":[{"embeddable":true,"href":"https:\/\/www.cyrusequipment.com\/de\/wp-json\/wp\/v2\/users\/2"}],"replies":[{"embeddable":true,"href":"https:\/\/www.cyrusequipment.com\/de\/wp-json\/wp\/v2\/comments?post=697"}],"version-history":[{"count":0,"href":"https:\/\/www.cyrusequipment.com\/de\/wp-json\/wp\/v2\/pages\/697\/revisions"}],"wp:attachment":[{"href":"https:\/\/www.cyrusequipment.com\/de\/wp-json\/wp\/v2\/media?parent=697"}],"curies":[{"name":"wp","href":"https:\/\/api.w.org\/{rel}","templated":true}]}}