{"id":696,"date":"2021-04-03T03:24:00","date_gmt":"2021-04-03T08:24:00","guid":{"rendered":"https:\/\/www.cyrusequipment.com\/impressum\/"},"modified":"2023-07-20T09:04:04","modified_gmt":"2023-07-20T14:04:04","slug":"impressum","status":"publish","type":"page","link":"https:\/\/www.cyrusequipment.com\/de\/impressum\/","title":{"rendered":"Impressum"},"content":{"rendered":"\n<h1 class=\"wp-block-heading\">Impressum<\/h1>\n\n\n\n<h1 class=\"wp-block-heading\">Angaben gem\u00e4\u00df \u00a7 5 TMG<\/h1>\n\n\n\n<p>GK Europe GmbH \u2013 Cyrus division <\/p>\n\n\n\n<p>Schnieringshof 12<br>45329 Essen<br>Germany<\/p>\n\n\n\n<h1 class=\"wp-block-heading\">Vertreten durch<\/h1>\n\n\n\n<p>GK Europe GmbH, Cyrus division, vertreten durch den Gesch\u00e4ftsf\u00fchrer Davide Gado<\/p>\n\n\n\n<h1 class=\"wp-block-heading\">Kontakt<\/h1>\n\n\n\n<p>Telefon: <a href=\"tel:+492012196130\">+49(0)201 2196130<\/a> <\/p>\n\n\n\n<p> E-Mail: info@cyrusequipment.com<\/p>\n\n\n\n<h1 class=\"wp-block-heading\">Registereintrag<\/h1>\n\n\n\n<p>Eintrag in das Handelsregister.\nRegistergericht: <span lang=\"IT\">Wuppertal<\/span>\nRegistrationsnummer: HRB <span lang=\"IT\">21122<\/span><\/p>\n\n\n\n<h1 class=\"wp-block-heading\">Umsatzsteuer<\/h1>\n\n\n\n<p>Umsatzsteuer-Identifikationsnummer gem\u00e4\u00df \u00a7 27 deutsches Mehrwertsteuergesetz:<\/p>\n\n\n\n<p>DE 260 59 56 44<\/p>\n\n\n\n<h1 class=\"wp-block-heading\">Streitschlichtung<\/h1>\n\n\n\n<p>Wir sind nicht bereit oder verpflichtet, an Streitbeilegungsverfahren vor einer Verbraucherschlichtungsstelle teilzunehmen.<\/p>\n\n\n\n<h3 class=\"wp-block-heading\">Haftung f\u00fcr Inhalte<\/h3>\n\n\n\n<p>Als Diensteanbieter sind wir gem\u00e4\u00df \u00a7 7 Abs.1 TMG f\u00fcr eigene Inhalte auf diesen Seiten nach den allgemeinen Gesetzen verantwortlich. Nach \u00a7\u00a7 8 bis 10 TMG sind wir als Diensteanbieter jedoch nicht verpflichtet, \u00fcbermittelte oder gespeicherte fremde Informationen zu \u00fcberwachen oder nach Umst\u00e4nden zu forschen, die auf eine rechtswidrige T\u00e4tigkeit hinweisen.<\/p>\n\n\n\n<p>Verpflichtungen zur Entfernung oder Sperrung der Nutzung von Informationen nach den allgemeinen Gesetzen bleiben hiervon unber\u00fchrt. Eine diesbez\u00fcgliche Haftung ist jedoch erst ab dem Zeitpunkt der Kenntnis einer konkreten Rechtsverletzung m\u00f6glich. Bei Bekanntwerden von entsprechenden Rechtsverletzungen werden wir diese Inhalte umgehend entfernen.<\/p>\n\n\n\n<h3 class=\"wp-block-heading\">Haftung f\u00fcr Links<\/h3>\n\n\n\n<p>Unser Angebot enth\u00e4lt Links zu externen Webseiten Dritter, auf deren Inhalte wir keinen Einfluss haben. Deshalb k\u00f6nnen wir f\u00fcr diese fremden Inhalte auch keine Gew\u00e4hr \u00fcbernehmen. F\u00fcr die Inhalte der verlinkten Seiten ist stets der jeweilige Anbieter oder Betreiber der Seiten verantwortlich.<\/p>\n\n\n\n<p>Die verlinkten Seiten wurden zum Zeitpunkt der Verlinkung auf m\u00f6gliche Rechtsverst\u00f6\u00dfe \u00fcberpr\u00fcft. Rechtswidrige Inhalte waren zum Zeitpunkt der Verlinkung nicht erkennbar. Eine permanente inhaltliche Kontrolle der verlinkten Seiten ist jedoch ohne konkrete Anhaltspunkte einer Rechtsverletzung nicht zumutbar. Bei Bekanntwerden von Rechtsverletzungen werden wir derartige Links umgehend entfernen.<\/p>\n\n\n\n<h3 class=\"wp-block-heading\">Urheberrecht<\/h3>\n\n\n\n<p>Die durch die Seitenbetreiber erstellten Inhalte und Werke auf diesen Seiten unterliegen dem deutschen Urheberrecht. Die Vervielf\u00e4ltigung, Bearbeitung, Verbreitung und jede Art der Verwertung au\u00dferhalb der Grenzen des Urheberrechtes bed\u00fcrfen der schriftlichen Zustimmung des jeweiligen Autors bzw. Erstellers. Downloads und Kopien dieser Seite sind nur f\u00fcr den privaten, nicht kommerziellen Gebrauch gestattet.<\/p>\n\n\n\n<p>Soweit die Inhalte auf dieser Seite nicht vom Betreiber erstellt wurden, werden die Urheberrechte Dritter beachtet. Insbesondere werden Inhalte Dritter als solche gekennzeichnet. Sollten Sie trotzdem auf eine Urheberrechtsverletzung aufmerksam werden, bitten wir um einen entsprechenden Hinweis. Bei Bekanntwerden von Rechtsverletzungen werden wir derartige Inhalte umgehend entfernen.<\/p>\n\n\n\n<h2 class=\"wp-block-heading\">Bildnachweise<\/h2>\n\n\n\n<p>\u00a9 CYRUS Schwingtechnik<\/p>\n\n\n\n<p>\u00a9 SPARK Werbeagentur<\/p>\n\n\n\n<h2 class=\"wp-block-heading\">Bildlizenzen fotolia.com<\/h2>\n\n\n\n<p>Gie\u00dfen von fl\u00fcssigem Metall in einer offenen Werkstatt \/ #44653981 \/ \u00a9 zhu difeng<br>kowalstwo \/ #45280136 \/ \u00a9 walko44<br>Gesch\u00e4ftsleute in einem Meeting \/ #52420444 \/ \u00a9 Rido<br>Schutt unter blauem Himmel \/ #67334373 \/ \u00a9 flyinglife<br>Altmetall Berg \/ #70212426 \/ \u00a9 Thaut Images<br>Visitenkarte \/ #72196427 \/ \u00a9 Minerva Studio<br>Verschiedene Sorten Reis in S\u00e4cken auf einem holzartigen Hintergrund \/ #80648948 \/ \u00a9 Africa Studio<br>net \/ #107150942 \/ \u00a9 vege<br>Globus \/ #4591962 \/ \u00a9 StudioAraminta<br>Der Teil des Architekturprojekts \/ #50539206 \/ \u00a9 Maksym Dykha<br>Gesch\u00e4ftsmann schaut auf Computer&nbsp;&nbsp;\/ #60348326 \/ \u00a9 contrastwerkstatt<\/p>\n","protected":false},"excerpt":{"rendered":"<p>Impressum Angaben gem\u00e4\u00df \u00a7 5 TMG GK Europe GmbH \u2013 Cyrus division Schnieringshof 1245329 EssenGermany Vertreten durch GK Europe GmbH, Cyrus division, vertreten durch den Gesch\u00e4ftsf\u00fchrer Davide Gado Kontakt Telefon: +49(0)201 2196130 E-Mail: info@cyrusequipment.com Registereintrag Eintrag in das Handelsregister. Registergericht: Wuppertal Registrationsnummer: HRB 21122 Umsatzsteuer Umsatzsteuer-Identifikationsnummer gem\u00e4\u00df \u00a7 27 deutsches Mehrwertsteuergesetz: DE 260 59 56 &#8230; <a title=\"Impressum\" class=\"read-more\" href=\"https:\/\/www.cyrusequipment.com\/de\/impressum\/\" aria-label=\"Read more about Impressum\">Weiterlesen &#8230;<\/a><\/p>\n","protected":false},"author":2,"featured_media":211,"parent":0,"menu_order":0,"comment_status":"closed","ping_status":"closed","template":"","meta":{"_acf_changed":false,"footnotes":""},"class_list":["post-696","page","type-page","status-publish","has-post-thumbnail"],"acf":[],"_links":{"self":[{"href":"https:\/\/www.cyrusequipment.com\/de\/wp-json\/wp\/v2\/pages\/696","targetHints":{"allow":["GET"]}}],"collection":[{"href":"https:\/\/www.cyrusequipment.com\/de\/wp-json\/wp\/v2\/pages"}],"about":[{"href":"https:\/\/www.cyrusequipment.com\/de\/wp-json\/wp\/v2\/types\/page"}],"author":[{"embeddable":true,"href":"https:\/\/www.cyrusequipment.com\/de\/wp-json\/wp\/v2\/users\/2"}],"replies":[{"embeddable":true,"href":"https:\/\/www.cyrusequipment.com\/de\/wp-json\/wp\/v2\/comments?post=696"}],"version-history":[{"count":0,"href":"https:\/\/www.cyrusequipment.com\/de\/wp-json\/wp\/v2\/pages\/696\/revisions"}],"wp:featuredmedia":[{"embeddable":true,"href":"https:\/\/www.cyrusequipment.com\/de\/wp-json\/wp\/v2\/media\/211"}],"wp:attachment":[{"href":"https:\/\/www.cyrusequipment.com\/de\/wp-json\/wp\/v2\/media?parent=696"}],"curies":[{"name":"wp","href":"https:\/\/api.w.org\/{rel}","templated":true}]}}